{"id":2340,"date":"2025-04-22T15:11:52","date_gmt":"2025-04-22T15:11:52","guid":{"rendered":"http:\/\/portal550.aevn.pt\/?page_id=2340"},"modified":"2025-04-22T15:52:06","modified_gmt":"2025-04-22T15:52:06","slug":"missao-e-visao","status":"publish","type":"page","link":"http:\/\/portal550.aevn.pt\/index.php\/agrupamento\/missao-e-visao\/","title":{"rendered":"Miss\u00e3o e Vis\u00e3o"},"content":{"rendered":"\t\t<div data-elementor-type=\"wp-page\" data-elementor-id=\"2340\" class=\"elementor elementor-2340\" data-elementor-post-type=\"page\">\n\t\t\t\t\t\t<section class=\"elementor-section elementor-top-section elementor-element elementor-element-77d5357 elementor-section-boxed elementor-section-height-default elementor-section-height-default\" data-id=\"77d5357\" data-element_type=\"section\">\n\t\t\t\t\t\t<div class=\"elementor-container elementor-column-gap-default\">\n\t\t\t\t\t<div class=\"elementor-column elementor-col-66 elementor-top-column elementor-element elementor-element-7fbd30e\" data-id=\"7fbd30e\" data-element_type=\"column\">\n\t\t\t<div class=\"elementor-widget-wrap elementor-element-populated\">\n\t\t\t\t\t\t<div class=\"elementor-element elementor-element-88aacc1 elementor-widget elementor-widget-text-editor\" data-id=\"88aacc1\" data-element_type=\"widget\" data-widget_type=\"text-editor.default\">\n\t\t\t\t<div class=\"elementor-widget-container\">\n\t\t\t\t\t\t\t\t\t<h2>Miss\u00e3o<\/h2><blockquote><p>Ao Agrupamento de Escolas de Vendas Novas est\u00e1 confiada uma miss\u00e3o de servi\u00e7o p\u00fablico que consiste em proporcionar \u00e0 comunidade a oportunidade de aceder a um servi\u00e7o educativo de qualidade, que contribua para a forma\u00e7\u00e3o integral dos indiv\u00edduos, enquanto pessoas, contribuindo para o desenvolvimento pleno e harmonioso da sua personalidade, incentivando a forma\u00e7\u00e3o de cidad\u00e3os livres, aut\u00f3nomos, respons\u00e1veis, conscientes de si e do mundo que os rodeia, criativos, interventivos e empreendedores que, de uma forma cooperante, ativa e respons\u00e1vel, contribuam para a constru\u00e7\u00e3o de uma sociedade evolu\u00edda, equilibrada, justa, solid\u00e1ria, inovadora e capacitada para enfrentar os desafios do futuro, marcado pela complexidade, pela globaliza\u00e7\u00e3o e pela mudan\u00e7a.<\/p><\/blockquote>\t\t\t\t\t\t\t\t<\/div>\n\t\t\t\t<\/div>\n\t\t\t\t\t<\/div>\n\t\t<\/div>\n\t\t\t\t<div class=\"elementor-column elementor-col-33 elementor-top-column elementor-element elementor-element-9b9e6db\" data-id=\"9b9e6db\" data-element_type=\"column\">\n\t\t\t<div class=\"elementor-widget-wrap elementor-element-populated\">\n\t\t\t\t\t\t<div class=\"elementor-element elementor-element-280ea20 elementor-widget elementor-widget-image\" data-id=\"280ea20\" data-element_type=\"widget\" data-widget_type=\"image.default\">\n\t\t\t\t<div class=\"elementor-widget-container\">\n\t\t\t\t\t\t\t\t\t\t\t\t\t\t\t<img fetchpriority=\"high\" decoding=\"async\" width=\"843\" height=\"843\" src=\"http:\/\/portal550.aevn.pt\/wp-content\/uploads\/2025\/04\/Missao.png\" class=\"attachment-large size-large wp-image-2329\" alt=\"\" srcset=\"http:\/\/portal550.aevn.pt\/wp-content\/uploads\/2025\/04\/Missao.png 1024w, http:\/\/portal550.aevn.pt\/wp-content\/uploads\/2025\/04\/Missao-300x300.png 300w, http:\/\/portal550.aevn.pt\/wp-content\/uploads\/2025\/04\/Missao-150x150.png 150w\" sizes=\"(max-width: 843px) 100vw, 843px\" \/>\t\t\t\t\t\t\t\t\t\t\t\t\t\t\t<\/div>\n\t\t\t\t<\/div>\n\t\t\t\t\t<\/div>\n\t\t<\/div>\n\t\t\t\t\t<\/div>\n\t\t<\/section>\n\t\t\t\t<section class=\"elementor-section elementor-top-section elementor-element elementor-element-dd34a24 elementor-section-boxed elementor-section-height-default elementor-section-height-default\" data-id=\"dd34a24\" data-element_type=\"section\">\n\t\t\t\t\t\t<div class=\"elementor-container elementor-column-gap-default\">\n\t\t\t\t\t<div class=\"elementor-column elementor-col-66 elementor-top-column elementor-element elementor-element-8683967\" data-id=\"8683967\" data-element_type=\"column\">\n\t\t\t<div class=\"elementor-widget-wrap elementor-element-populated\">\n\t\t\t\t\t\t<div class=\"elementor-element elementor-element-399538a elementor-widget elementor-widget-text-editor\" data-id=\"399538a\" data-element_type=\"widget\" data-widget_type=\"text-editor.default\">\n\t\t\t\t<div class=\"elementor-widget-container\">\n\t\t\t\t\t\t\t\t\t<h2>Vis\u00e3o<\/h2><blockquote><p>De forma a conseguir assegurar a sua miss\u00e3o, o Agrupamento de Escolas de Vendas Novas dever\u00e1 afirmar-se como uma institui\u00e7\u00e3o de ensino p\u00fablico de refer\u00eancia local, quer ao n\u00edvel dos resultados educativos dos alunos, quer ao n\u00edvel da gest\u00e3o e funcionamento organizacional, quer na qualidade do servi\u00e7o de educa\u00e7\u00e3o e forma\u00e7\u00e3o que presta.<\/p><\/blockquote>\t\t\t\t\t\t\t\t<\/div>\n\t\t\t\t<\/div>\n\t\t\t\t\t<\/div>\n\t\t<\/div>\n\t\t\t\t<div class=\"elementor-column elementor-col-33 elementor-top-column elementor-element elementor-element-64ba80c\" data-id=\"64ba80c\" data-element_type=\"column\">\n\t\t\t<div class=\"elementor-widget-wrap elementor-element-populated\">\n\t\t\t\t\t\t<div class=\"elementor-element elementor-element-5d25274 elementor-widget elementor-widget-image\" data-id=\"5d25274\" data-element_type=\"widget\" data-widget_type=\"image.default\">\n\t\t\t\t<div class=\"elementor-widget-container\">\n\t\t\t\t\t\t\t\t\t\t\t\t\t\t\t<img decoding=\"async\" width=\"843\" height=\"843\" src=\"http:\/\/portal550.aevn.pt\/wp-content\/uploads\/2025\/04\/Visao.png\" class=\"attachment-large size-large wp-image-2328\" alt=\"\" srcset=\"http:\/\/portal550.aevn.pt\/wp-content\/uploads\/2025\/04\/Visao.png 1024w, http:\/\/portal550.aevn.pt\/wp-content\/uploads\/2025\/04\/Visao-300x300.png 300w, http:\/\/portal550.aevn.pt\/wp-content\/uploads\/2025\/04\/Visao-150x150.png 150w\" sizes=\"(max-width: 843px) 100vw, 843px\" \/>\t\t\t\t\t\t\t\t\t\t\t\t\t\t\t<\/div>\n\t\t\t\t<\/div>\n\t\t\t\t\t<\/div>\n\t\t<\/div>\n\t\t\t\t\t<\/div>\n\t\t<\/section>\n\t\t\t\t<\/div>\n\t\t","protected":false},"excerpt":{"rendered":"<p>Miss\u00e3o Ao Agrupamento de Escolas de Vendas Novas est\u00e1 confiada uma miss\u00e3o de servi\u00e7o p\u00fablico que consiste em proporcionar \u00e0 comunidade a oportunidade de aceder&hellip;<\/p>\n","protected":false},"author":1,"featured_media":0,"parent":1679,"menu_order":0,"comment_status":"closed","ping_status":"closed","template":"","meta":{"qubely_global_settings":"","qubely_interactions":"","_uag_custom_page_level_css":"","footnotes":""},"class_list":["post-2340","page","type-page","status-publish","hentry"],"yoast_head":"<!-- This site is optimized with the Yoast SEO plugin v26.3 - https:\/\/yoast.com\/wordpress\/plugins\/seo\/ -->\n<title>Miss\u00e3o e Vis\u00e3o - Agrupamento de Escolas de Vendas Novas<\/title>\n<meta name=\"robots\" content=\"index, follow, max-snippet:-1, max-image-preview:large, max-video-preview:-1\" \/>\n<link rel=\"canonical\" href=\"http:\/\/portal550.aevn.pt\/index.php\/agrupamento\/missao-e-visao\/\" \/>\n<meta property=\"og:locale\" content=\"pt_PT\" \/>\n<meta property=\"og:type\" content=\"article\" \/>\n<meta property=\"og:title\" content=\"Miss\u00e3o e Vis\u00e3o - Agrupamento de Escolas de Vendas Novas\" \/>\n<meta property=\"og:description\" content=\"Miss\u00e3o Ao Agrupamento de Escolas de Vendas Novas est\u00e1 confiada uma miss\u00e3o de servi\u00e7o p\u00fablico que consiste em proporcionar \u00e0 comunidade a oportunidade de aceder&hellip;\" \/>\n<meta property=\"og:url\" content=\"http:\/\/portal550.aevn.pt\/index.php\/agrupamento\/missao-e-visao\/\" \/>\n<meta property=\"og:site_name\" content=\"Agrupamento de Escolas de Vendas Novas\" \/>\n<meta property=\"article:publisher\" content=\"https:\/\/www.facebook.com\/agrupamentoescolasvendasnovas\" \/>\n<meta property=\"article:modified_time\" content=\"2025-04-22T15:52:06+00:00\" \/>\n<meta property=\"og:image\" content=\"http:\/\/portal550.aevn.pt\/wp-content\/uploads\/2025\/04\/Missao.png\" \/>\n\t<meta property=\"og:image:width\" content=\"1024\" \/>\n\t<meta property=\"og:image:height\" content=\"1024\" \/>\n\t<meta property=\"og:image:type\" content=\"image\/png\" \/>\n<meta name=\"twitter:card\" content=\"summary_large_image\" \/>\n<meta name=\"twitter:label1\" content=\"Tempo estimado de leitura\" \/>\n\t<meta name=\"twitter:data1\" content=\"1 minuto\" \/>\n<script type=\"application\/ld+json\" class=\"yoast-schema-graph\">{\"@context\":\"https:\/\/schema.org\",\"@graph\":[{\"@type\":\"WebPage\",\"@id\":\"http:\/\/portal550.aevn.pt\/index.php\/agrupamento\/missao-e-visao\/\",\"url\":\"http:\/\/portal550.aevn.pt\/index.php\/agrupamento\/missao-e-visao\/\",\"name\":\"Miss\u00e3o e Vis\u00e3o - Agrupamento de Escolas de Vendas Novas\",\"isPartOf\":{\"@id\":\"http:\/\/portal550.aevn.pt\/#website\"},\"primaryImageOfPage\":{\"@id\":\"http:\/\/portal550.aevn.pt\/index.php\/agrupamento\/missao-e-visao\/#primaryimage\"},\"image\":{\"@id\":\"http:\/\/portal550.aevn.pt\/index.php\/agrupamento\/missao-e-visao\/#primaryimage\"},\"thumbnailUrl\":\"http:\/\/portal550.aevn.pt\/wp-content\/uploads\/2025\/04\/Missao.png\",\"datePublished\":\"2025-04-22T15:11:52+00:00\",\"dateModified\":\"2025-04-22T15:52:06+00:00\",\"breadcrumb\":{\"@id\":\"http:\/\/portal550.aevn.pt\/index.php\/agrupamento\/missao-e-visao\/#breadcrumb\"},\"inLanguage\":\"pt-PT\",\"potentialAction\":[{\"@type\":\"ReadAction\",\"target\":[\"http:\/\/portal550.aevn.pt\/index.php\/agrupamento\/missao-e-visao\/\"]}]},{\"@type\":\"ImageObject\",\"inLanguage\":\"pt-PT\",\"@id\":\"http:\/\/portal550.aevn.pt\/index.php\/agrupamento\/missao-e-visao\/#primaryimage\",\"url\":\"http:\/\/portal550.aevn.pt\/wp-content\/uploads\/2025\/04\/Missao.png\",\"contentUrl\":\"http:\/\/portal550.aevn.pt\/wp-content\/uploads\/2025\/04\/Missao.png\",\"width\":1024,\"height\":1024},{\"@type\":\"BreadcrumbList\",\"@id\":\"http:\/\/portal550.aevn.pt\/index.php\/agrupamento\/missao-e-visao\/#breadcrumb\",\"itemListElement\":[{\"@type\":\"ListItem\",\"position\":1,\"name\":\"In\u00edcio\",\"item\":\"http:\/\/portal550.aevn.pt\/\"},{\"@type\":\"ListItem\",\"position\":2,\"name\":\"Agrupamento\",\"item\":\"http:\/\/portal550.aevn.pt\/index.php\/agrupamento\/\"},{\"@type\":\"ListItem\",\"position\":3,\"name\":\"Miss\u00e3o e Vis\u00e3o\"}]},{\"@type\":\"WebSite\",\"@id\":\"http:\/\/portal550.aevn.pt\/#website\",\"url\":\"http:\/\/portal550.aevn.pt\/\",\"name\":\"Agrupamento de Escolas de Vendas Novas\",\"description\":\"\",\"publisher\":{\"@id\":\"http:\/\/portal550.aevn.pt\/#organization\"},\"potentialAction\":[{\"@type\":\"SearchAction\",\"target\":{\"@type\":\"EntryPoint\",\"urlTemplate\":\"http:\/\/portal550.aevn.pt\/?s={search_term_string}\"},\"query-input\":{\"@type\":\"PropertyValueSpecification\",\"valueRequired\":true,\"valueName\":\"search_term_string\"}}],\"inLanguage\":\"pt-PT\"},{\"@type\":\"Organization\",\"@id\":\"http:\/\/portal550.aevn.pt\/#organization\",\"name\":\"Agrupamento de Escolas de Vendas Novas\",\"url\":\"http:\/\/portal550.aevn.pt\/\",\"logo\":{\"@type\":\"ImageObject\",\"inLanguage\":\"pt-PT\",\"@id\":\"http:\/\/portal550.aevn.pt\/#\/schema\/logo\/image\/\",\"url\":\"http:\/\/portal550.aevn.pt\/wp-content\/uploads\/2023\/07\/logo_AEVNweb.png\",\"contentUrl\":\"http:\/\/portal550.aevn.pt\/wp-content\/uploads\/2023\/07\/logo_AEVNweb.png\",\"width\":500,\"height\":150,\"caption\":\"Agrupamento de Escolas de Vendas Novas\"},\"image\":{\"@id\":\"http:\/\/portal550.aevn.pt\/#\/schema\/logo\/image\/\"},\"sameAs\":[\"https:\/\/www.facebook.com\/agrupamentoescolasvendasnovas\"]}]}<\/script>\n<!-- \/ Yoast SEO plugin. -->","yoast_head_json":{"title":"Miss\u00e3o e Vis\u00e3o - Agrupamento de Escolas de Vendas Novas","robots":{"index":"index","follow":"follow","max-snippet":"max-snippet:-1","max-image-preview":"max-image-preview:large","max-video-preview":"max-video-preview:-1"},"canonical":"http:\/\/portal550.aevn.pt\/index.php\/agrupamento\/missao-e-visao\/","og_locale":"pt_PT","og_type":"article","og_title":"Miss\u00e3o e Vis\u00e3o - Agrupamento de Escolas de Vendas Novas","og_description":"Miss\u00e3o Ao Agrupamento de Escolas de Vendas Novas est\u00e1 confiada uma miss\u00e3o de servi\u00e7o p\u00fablico que consiste em proporcionar \u00e0 comunidade a oportunidade de aceder&hellip;","og_url":"http:\/\/portal550.aevn.pt\/index.php\/agrupamento\/missao-e-visao\/","og_site_name":"Agrupamento de Escolas de Vendas Novas","article_publisher":"https:\/\/www.facebook.com\/agrupamentoescolasvendasnovas","article_modified_time":"2025-04-22T15:52:06+00:00","og_image":[{"width":1024,"height":1024,"url":"http:\/\/portal550.aevn.pt\/wp-content\/uploads\/2025\/04\/Missao.png","type":"image\/png"}],"twitter_card":"summary_large_image","twitter_misc":{"Tempo estimado de leitura":"1 minuto"},"schema":{"@context":"https:\/\/schema.org","@graph":[{"@type":"WebPage","@id":"http:\/\/portal550.aevn.pt\/index.php\/agrupamento\/missao-e-visao\/","url":"http:\/\/portal550.aevn.pt\/index.php\/agrupamento\/missao-e-visao\/","name":"Miss\u00e3o e Vis\u00e3o - Agrupamento de Escolas de Vendas Novas","isPartOf":{"@id":"http:\/\/portal550.aevn.pt\/#website"},"primaryImageOfPage":{"@id":"http:\/\/portal550.aevn.pt\/index.php\/agrupamento\/missao-e-visao\/#primaryimage"},"image":{"@id":"http:\/\/portal550.aevn.pt\/index.php\/agrupamento\/missao-e-visao\/#primaryimage"},"thumbnailUrl":"http:\/\/portal550.aevn.pt\/wp-content\/uploads\/2025\/04\/Missao.png","datePublished":"2025-04-22T15:11:52+00:00","dateModified":"2025-04-22T15:52:06+00:00","breadcrumb":{"@id":"http:\/\/portal550.aevn.pt\/index.php\/agrupamento\/missao-e-visao\/#breadcrumb"},"inLanguage":"pt-PT","potentialAction":[{"@type":"ReadAction","target":["http:\/\/portal550.aevn.pt\/index.php\/agrupamento\/missao-e-visao\/"]}]},{"@type":"ImageObject","inLanguage":"pt-PT","@id":"http:\/\/portal550.aevn.pt\/index.php\/agrupamento\/missao-e-visao\/#primaryimage","url":"http:\/\/portal550.aevn.pt\/wp-content\/uploads\/2025\/04\/Missao.png","contentUrl":"http:\/\/portal550.aevn.pt\/wp-content\/uploads\/2025\/04\/Missao.png","width":1024,"height":1024},{"@type":"BreadcrumbList","@id":"http:\/\/portal550.aevn.pt\/index.php\/agrupamento\/missao-e-visao\/#breadcrumb","itemListElement":[{"@type":"ListItem","position":1,"name":"In\u00edcio","item":"http:\/\/portal550.aevn.pt\/"},{"@type":"ListItem","position":2,"name":"Agrupamento","item":"http:\/\/portal550.aevn.pt\/index.php\/agrupamento\/"},{"@type":"ListItem","position":3,"name":"Miss\u00e3o e Vis\u00e3o"}]},{"@type":"WebSite","@id":"http:\/\/portal550.aevn.pt\/#website","url":"http:\/\/portal550.aevn.pt\/","name":"Agrupamento de Escolas de Vendas Novas","description":"","publisher":{"@id":"http:\/\/portal550.aevn.pt\/#organization"},"potentialAction":[{"@type":"SearchAction","target":{"@type":"EntryPoint","urlTemplate":"http:\/\/portal550.aevn.pt\/?s={search_term_string}"},"query-input":{"@type":"PropertyValueSpecification","valueRequired":true,"valueName":"search_term_string"}}],"inLanguage":"pt-PT"},{"@type":"Organization","@id":"http:\/\/portal550.aevn.pt\/#organization","name":"Agrupamento de Escolas de Vendas Novas","url":"http:\/\/portal550.aevn.pt\/","logo":{"@type":"ImageObject","inLanguage":"pt-PT","@id":"http:\/\/portal550.aevn.pt\/#\/schema\/logo\/image\/","url":"http:\/\/portal550.aevn.pt\/wp-content\/uploads\/2023\/07\/logo_AEVNweb.png","contentUrl":"http:\/\/portal550.aevn.pt\/wp-content\/uploads\/2023\/07\/logo_AEVNweb.png","width":500,"height":150,"caption":"Agrupamento de Escolas de Vendas Novas"},"image":{"@id":"http:\/\/portal550.aevn.pt\/#\/schema\/logo\/image\/"},"sameAs":["https:\/\/www.facebook.com\/agrupamentoescolasvendasnovas"]}]}},"uagb_featured_image_src":{"full":false,"thumbnail":false,"medium":false,"medium_large":false,"large":false,"1536x1536":false,"2048x2048":false,"qubely_landscape":false,"qubely_portrait":false,"qubely_thumbnail":false},"uagb_author_info":{"display_name":"admin","author_link":"http:\/\/portal550.aevn.pt\/index.php\/author\/f529\/"},"uagb_comment_info":0,"uagb_excerpt":"Miss\u00e3o Ao Agrupamento de Escolas de Vendas Novas est\u00e1 confiada uma miss\u00e3o de servi\u00e7o p\u00fablico que consiste em proporcionar \u00e0 comunidade a oportunidade de aceder&hellip;","jetpack_sharing_enabled":true,"_links":{"self":[{"href":"http:\/\/portal550.aevn.pt\/index.php\/wp-json\/wp\/v2\/pages\/2340","targetHints":{"allow":["GET"]}}],"collection":[{"href":"http:\/\/portal550.aevn.pt\/index.php\/wp-json\/wp\/v2\/pages"}],"about":[{"href":"http:\/\/portal550.aevn.pt\/index.php\/wp-json\/wp\/v2\/types\/page"}],"author":[{"embeddable":true,"href":"http:\/\/portal550.aevn.pt\/index.php\/wp-json\/wp\/v2\/users\/1"}],"replies":[{"embeddable":true,"href":"http:\/\/portal550.aevn.pt\/index.php\/wp-json\/wp\/v2\/comments?post=2340"}],"version-history":[{"count":10,"href":"http:\/\/portal550.aevn.pt\/index.php\/wp-json\/wp\/v2\/pages\/2340\/revisions"}],"predecessor-version":[{"id":2351,"href":"http:\/\/portal550.aevn.pt\/index.php\/wp-json\/wp\/v2\/pages\/2340\/revisions\/2351"}],"up":[{"embeddable":true,"href":"http:\/\/portal550.aevn.pt\/index.php\/wp-json\/wp\/v2\/pages\/1679"}],"wp:attachment":[{"href":"http:\/\/portal550.aevn.pt\/index.php\/wp-json\/wp\/v2\/media?parent=2340"}],"curies":[{"name":"wp","href":"https:\/\/api.w.org\/{rel}","templated":true}]}}