{"id":1944,"date":"2023-07-15T12:55:19","date_gmt":"2023-07-15T12:55:19","guid":{"rendered":"http:\/\/portal550.aevn.pt\/?page_id=1944"},"modified":"2023-07-24T14:08:44","modified_gmt":"2023-07-24T14:08:44","slug":"alunos","status":"publish","type":"page","link":"http:\/\/portal550.aevn.pt\/index.php\/alunos\/","title":{"rendered":"Alunos"},"content":{"rendered":"\n<div style=\"height:30px\" aria-hidden=\"true\" class=\"wp-block-spacer\"><\/div>\n\n\n\n<div class=\"wp-block-uagb-container uagb-block-75587146 alignwide uagb-is-root-container\">\n<div class=\"wp-block-uagb-info-box uagb-block-b0a5b372 uagb-infobox__content-wrap  uagb-infobox-icon-above-title uagb-infobox-image-valign-top\"><div class=\"uagb-ifb-content\"><div class=\"uagb-ifb-icon-wrap\"><svg xmlns=\"https:\/\/www.w3.org\/2000\/svg\" viewBox=\"0 0 640 512\"><path d=\"M623.1 136.9l-282.7-101.2c-13.73-4.91-28.7-4.91-42.43 0L16.05 136.9C6.438 140.4 0 149.6 0 160s6.438 19.65 16.05 23.09L76.07 204.6c-11.89 15.8-20.26 34.16-24.55 53.95C40.05 263.4 32 274.8 32 288c0 9.953 4.814 18.49 11.94 24.36l-24.83 149C17.48 471.1 25 480 34.89 480H93.11c9.887 0 17.41-8.879 15.78-18.63l-24.83-149C91.19 306.5 96 297.1 96 288c0-10.29-5.174-19.03-12.72-24.89c4.252-17.76 12.88-33.82 24.94-47.03l190.6 68.23c13.73 4.91 28.7 4.91 42.43 0l282.7-101.2C633.6 179.6 640 170.4 640 160S633.6 140.4 623.1 136.9zM351.1 314.4C341.7 318.1 330.9 320 320 320c-10.92 0-21.69-1.867-32-5.555L142.8 262.5L128 405.3C128 446.6 213.1 480 320 480c105.1 0 192-33.4 192-74.67l-14.78-142.9L351.1 314.4z\"><\/path><\/svg><\/div><div class=\"uagb-ifb-title-wrap\"><h3 class=\"uagb-ifb-title\">Ano Letivo<br>2023\/2024<\/h3><\/div><\/div><\/div>\n\n\n\n<div class=\"wp-block-uagb-container uagb-block-b885f3f4\">\n<div class=\"wp-block-uagb-container uagb-block-012af70d\">\n<div class=\"wp-block-uagb-info-box uagb-block-bb7416d9 uagb-infobox__content-wrap  uagb-infobox_cta-type-all uagb-infobox-icon-above-title uagb-infobox-image-valign-top\"><a href=\"#\" class=\"uagb-infobox-link-wrap uagb-infbox__link-to-all\" target=\"_self\" aria-label=\"Infobox Link\" rel=\"noopener noreferrer\" onclick=\"return false;\"><\/a><div class=\"uagb-ifb-content\"><div class=\"uagb-ifb-icon-wrap\"><svg xmlns=\"https:\/\/www.w3.org\/2000\/svg\" viewBox=\"0 0 512 512\"><path d=\"M249.4 25.37C261.9 12.88 282.1 12.88 294.6 25.37C307.1 37.87 307.1 58.13 294.6 70.63L269.3 95.1H416C469 95.1 512 138.1 512 191.1V223.1C512 241.7 497.7 255.1 480 255.1C462.3 255.1 448 241.7 448 223.1V191.1C448 174.3 433.7 159.1 416 159.1H269.3L294.6 185.4C307.1 197.9 307.1 218.1 294.6 230.6C282.1 243.1 261.9 243.1 249.4 230.6L169.4 150.6C156.9 138.1 156.9 117.9 169.4 105.4L249.4 25.37zM342.6 361.4C355.1 373.9 355.1 394.1 342.6 406.6L262.6 486.6C250.1 499.1 229.9 499.1 217.4 486.6C204.9 474.1 204.9 453.9 217.4 441.4L242.7 416H96C78.33 416 64 430.3 64 448V480C64 497.7 49.67 512 32 512C14.33 512 0 497.7 0 480V448C0 394.1 42.98 352 96 352H242.7L217.4 326.6C204.9 314.1 204.9 293.9 217.4 281.4C229.9 268.9 250.1 268.9 262.6 281.4L342.6 361.4zM512 384C512 419.3 483.3 448 448 448C412.7 448 384 419.3 384 384C384 348.7 412.7 320 448 320C483.3 320 512 348.7 512 384zM128 128C128 163.3 99.35 192 64 192C28.65 192 0 163.3 0 128C0 92.65 28.65 64 64 64C99.35 64 128 92.65 128 128z\"><\/path><\/svg><\/div><div class=\"uagb-ifb-title-wrap\"><h5 class=\"uagb-ifb-title\">Oferta Formativa<\/h5><\/div><div class=\"uagb-ifb-button-wrapper wp-block-button\"><\/div><\/div><\/div>\n<\/div>\n\n\n\n<div class=\"wp-block-uagb-container uagb-block-aa4d462d\">\n<div class=\"wp-block-uagb-info-box uagb-block-dbf528c7 uagb-infobox__content-wrap  uagb-infobox_cta-type-all uagb-infobox-icon-above-title uagb-infobox-image-valign-top\"><a href=\"#\" class=\"uagb-infobox-link-wrap uagb-infbox__link-to-all\" target=\"_self\" aria-label=\"Infobox Link\" rel=\"noopener noreferrer\" onclick=\"return false;\"><\/a><div class=\"uagb-ifb-content\"><div class=\"uagb-ifb-icon-wrap\"><svg xmlns=\"https:\/\/www.w3.org\/2000\/svg\" viewBox=\"0 0 576 512\"><path d=\"M172.1 40.16L268.1 3.76C280.9-1.089 295.1-1.089 307.9 3.76L403.9 40.16C425.6 48.41 440 69.25 440 92.52V204.7C441.3 205.1 442.6 205.5 443.9 205.1L539.9 242.4C561.6 250.6 576 271.5 576 294.7V413.9C576 436.1 562.9 456.2 542.5 465.1L446.5 507.3C432.2 513.7 415.8 513.7 401.5 507.3L288 457.5L174.5 507.3C160.2 513.7 143.8 513.7 129.5 507.3L33.46 465.1C13.13 456.2 0 436.1 0 413.9V294.7C0 271.5 14.39 250.6 36.15 242.4L132.1 205.1C133.4 205.5 134.7 205.1 136 204.7V92.52C136 69.25 150.4 48.41 172.1 40.16V40.16zM290.8 48.64C289 47.95 286.1 47.95 285.2 48.64L206.8 78.35L287.1 109.5L369.2 78.35L290.8 48.64zM392 210.6V121L309.6 152.6V241.8L392 210.6zM154.8 250.9C153 250.2 150.1 250.2 149.2 250.9L70.81 280.6L152 311.7L233.2 280.6L154.8 250.9zM173.6 455.3L256 419.1V323.2L173.6 354.8V455.3zM342.8 280.6L424 311.7L505.2 280.6L426.8 250.9C425 250.2 422.1 250.2 421.2 250.9L342.8 280.6zM528 413.9V323.2L445.6 354.8V455.3L523.2 421.2C526.1 419.9 528 417.1 528 413.9V413.9z\"><\/path><\/svg><\/div><div class=\"uagb-ifb-title-wrap\"><h5 class=\"uagb-ifb-title\">Cursos Profissionais<\/h5><\/div><div class=\"uagb-ifb-button-wrapper wp-block-button\"><\/div><\/div><\/div>\n<\/div>\n<\/div>\n\n\n\n<div class=\"wp-block-uagb-container uagb-block-24de85bc\">\n<div class=\"wp-block-uagb-container uagb-block-33273fe3\">\n<div class=\"wp-block-uagb-info-box uagb-block-86845fcc uagb-infobox__content-wrap  uagb-infobox_cta-type-all uagb-infobox-icon-above-title uagb-infobox-image-valign-top\"><a href=\"#\" class=\"uagb-infobox-link-wrap uagb-infbox__link-to-all\" target=\"_self\" aria-label=\"Infobox Link\" rel=\"noopener noreferrer\" onclick=\"return false;\"><\/a><div class=\"uagb-ifb-content\"><div class=\"uagb-ifb-icon-wrap\"><svg xmlns=\"https:\/\/www.w3.org\/2000\/svg\" viewBox=\"0 0 448 512\"><path d=\"M160 32V64H288V32C288 14.33 302.3 0 320 0C337.7 0 352 14.33 352 32V64H400C426.5 64 448 85.49 448 112V160H0V112C0 85.49 21.49 64 48 64H96V32C96 14.33 110.3 0 128 0C145.7 0 160 14.33 160 32zM0 192H448V464C448 490.5 426.5 512 400 512H48C21.49 512 0 490.5 0 464V192zM64 304C64 312.8 71.16 320 80 320H112C120.8 320 128 312.8 128 304V272C128 263.2 120.8 256 112 256H80C71.16 256 64 263.2 64 272V304zM192 304C192 312.8 199.2 320 208 320H240C248.8 320 256 312.8 256 304V272C256 263.2 248.8 256 240 256H208C199.2 256 192 263.2 192 272V304zM336 256C327.2 256 320 263.2 320 272V304C320 312.8 327.2 320 336 320H368C376.8 320 384 312.8 384 304V272C384 263.2 376.8 256 368 256H336zM64 432C64 440.8 71.16 448 80 448H112C120.8 448 128 440.8 128 432V400C128 391.2 120.8 384 112 384H80C71.16 384 64 391.2 64 400V432zM208 384C199.2 384 192 391.2 192 400V432C192 440.8 199.2 448 208 448H240C248.8 448 256 440.8 256 432V400C256 391.2 248.8 384 240 384H208zM320 432C320 440.8 327.2 448 336 448H368C376.8 448 384 440.8 384 432V400C384 391.2 376.8 384 368 384H336C327.2 384 320 391.2 320 400V432z\"><\/path><\/svg><\/div><div class=\"uagb-ifb-title-wrap\"><h5 class=\"uagb-ifb-title\">Calend\u00e1rio Escolar<\/h5><\/div><div class=\"uagb-ifb-button-wrapper wp-block-button\"><\/div><\/div><\/div>\n<\/div>\n\n\n\n<div class=\"wp-block-uagb-container uagb-block-71558e08\">\n<div class=\"wp-block-uagb-info-box uagb-block-c2750296 uagb-infobox__content-wrap  uagb-infobox_cta-type-all uagb-infobox-icon-above-title uagb-infobox-image-valign-top\"><a href=\"#\" class=\"uagb-infobox-link-wrap uagb-infbox__link-to-all\" target=\"_self\" aria-label=\"Infobox Link\" rel=\"noopener noreferrer\" onclick=\"return false;\"><\/a><div class=\"uagb-ifb-content\"><div class=\"uagb-ifb-icon-wrap\"><svg xmlns=\"https:\/\/www.w3.org\/2000\/svg\" viewBox=\"0 0 576 512\"><path d=\"M384 160C366.3 160 352 145.7 352 128C352 110.3 366.3 96 384 96H544C561.7 96 576 110.3 576 128V288C576 305.7 561.7 320 544 320C526.3 320 512 305.7 512 288V205.3L342.6 374.6C330.1 387.1 309.9 387.1 297.4 374.6L191.1 269.3L54.63 406.6C42.13 419.1 21.87 419.1 9.372 406.6C-3.124 394.1-3.124 373.9 9.372 361.4L169.4 201.4C181.9 188.9 202.1 188.9 214.6 201.4L320 306.7L466.7 159.1L384 160z\"><\/path><\/svg><\/div><div class=\"uagb-ifb-title-wrap\"><h5 class=\"uagb-ifb-title\">Crit\u00e9rios de Avalia\u00e7\u00e3o<\/h5><\/div><div class=\"uagb-ifb-button-wrapper wp-block-button\"><\/div><\/div><\/div>\n<\/div>\n\n\n\n<div class=\"wp-block-uagb-container uagb-block-5a6ec723\">\n<div class=\"wp-block-uagb-info-box uagb-block-559c8d77 uagb-infobox__content-wrap  uagb-infobox_cta-type-all uagb-infobox-icon-above-title uagb-infobox-image-valign-top\"><a href=\"#\" class=\"uagb-infobox-link-wrap uagb-infbox__link-to-all\" target=\"_self\" aria-label=\"Infobox Link\" rel=\"noopener noreferrer\" onclick=\"return false;\"><\/a><div class=\"uagb-ifb-content\"><div class=\"uagb-ifb-icon-wrap\"><svg xmlns=\"https:\/\/www.w3.org\/2000\/svg\" viewBox=\"0 0 448 512\"><path d=\"M448 336v-288C448 21.49 426.5 0 400 0H96C42.98 0 0 42.98 0 96v320c0 53.02 42.98 96 96 96h320c17.67 0 32-14.33 32-31.1c0-11.72-6.607-21.52-16-27.1v-81.36C441.8 362.8 448 350.2 448 336zM143.1 128h192C344.8 128 352 135.2 352 144C352 152.8 344.8 160 336 160H143.1C135.2 160 128 152.8 128 144C128 135.2 135.2 128 143.1 128zM143.1 192h192C344.8 192 352 199.2 352 208C352 216.8 344.8 224 336 224H143.1C135.2 224 128 216.8 128 208C128 199.2 135.2 192 143.1 192zM384 448H96c-17.67 0-32-14.33-32-32c0-17.67 14.33-32 32-32h288V448z\"><\/path><\/svg><\/div><div class=\"uagb-ifb-title-wrap\"><h5 class=\"uagb-ifb-title\">Manuais Escolares<\/h5><\/div><div class=\"uagb-ifb-button-wrapper wp-block-button\"><\/div><\/div><\/div>\n<\/div>\n\n\n\n<div class=\"wp-block-uagb-container uagb-block-487f92a9\">\n<div class=\"wp-block-uagb-info-box uagb-block-dd79e043 uagb-infobox__content-wrap  uagb-infobox_cta-type-all uagb-infobox-icon-above-title uagb-infobox-image-valign-top\"><a href=\"#\" class=\"uagb-infobox-link-wrap uagb-infbox__link-to-all\" target=\"_self\" aria-label=\"Infobox Link\" rel=\"noopener noreferrer\" onclick=\"return false;\"><\/a><div class=\"uagb-ifb-content\"><div class=\"uagb-ifb-icon-wrap\"><svg xmlns=\"https:\/\/www.w3.org\/2000\/svg\" viewBox=\"0 0 512 512\"><path d=\"M256 512C114.6 512 0 397.4 0 256C0 114.6 114.6 0 256 0C397.4 0 512 114.6 512 256C512 397.4 397.4 512 256 512zM232 256C232 264 236 271.5 242.7 275.1L338.7 339.1C349.7 347.3 364.6 344.3 371.1 333.3C379.3 322.3 376.3 307.4 365.3 300L280 243.2V120C280 106.7 269.3 96 255.1 96C242.7 96 231.1 106.7 231.1 120L232 256z\"><\/path><\/svg><\/div><div class=\"uagb-ifb-title-wrap\"><h5 class=\"uagb-ifb-title\">Horas de Atendimento<br>Diretor de Turma \/ Professor Titular<\/h5><\/div><div class=\"uagb-ifb-button-wrapper wp-block-button\"><\/div><\/div><\/div>\n<\/div>\n<\/div>\n<\/div>\n\n\n\n<div style=\"height:30px\" aria-hidden=\"true\" class=\"wp-block-spacer\"><\/div>\n\n\n\n<div class=\"wp-block-uagb-container uagb-block-b9aa56a7 alignwide uagb-is-root-container\">\n<h3 class=\"wp-block-heading\">Para consultar&#8230;<\/h3>\n\n\n\n<div class=\"wp-block-uagb-container uagb-block-5b13b989\">\n<div class=\"wp-block-uagb-container uagb-block-60dc4f50\">\n<div class=\"wp-block-uagb-info-box uagb-block-f33e6ac2 uagb-infobox__content-wrap  uagb-infobox_cta-type-all uagb-infobox-icon-above-title uagb-infobox-image-valign-top\"><a href=\"https:\/\/dre.pt\/dre\/detalhe\/lei\/51-2012-174840\" class=\"uagb-infobox-link-wrap uagb-infbox__link-to-all\" target=\"_self\" aria-label=\"Infobox Link\" rel=\"noopener noreferrer\" onclick=\"return true;\"><\/a><div class=\"uagb-ifb-content\"><div class=\"uagb-ifb-icon-wrap\"><svg xmlns=\"https:\/\/www.w3.org\/2000\/svg\" viewBox=\"0 0 512 512\"><path d=\"M160 416H96c-17.67 0-32-14.33-32-32V128c0-17.67 14.33-32 32-32h64c17.67 0 32-14.33 32-32S177.7 32 160 32H96C42.98 32 0 74.98 0 128v256c0 53.02 42.98 96 96 96h64c17.67 0 32-14.33 32-32S177.7 416 160 416zM502.6 233.4l-128-128c-12.51-12.51-32.76-12.49-45.25 0c-12.5 12.5-12.5 32.75 0 45.25L402.8 224H192C174.3 224 160 238.3 160 256s14.31 32 32 32h210.8l-73.38 73.38c-12.5 12.5-12.5 32.75 0 45.25s32.75 12.5 45.25 0l128-128C515.1 266.1 515.1 245.9 502.6 233.4z\"><\/path><\/svg><\/div><div class=\"uagb-ifb-title-wrap\"><h5 class=\"uagb-ifb-title\">Estatuto<br>do Aluno<\/h5><\/div><div class=\"uagb-ifb-button-wrapper wp-block-button\"><\/div><\/div><\/div>\n<\/div>\n\n\n\n<div class=\"wp-block-uagb-container uagb-block-ddad29a6\">\n<div class=\"wp-block-uagb-info-box uagb-block-e07b85ae uagb-infobox__content-wrap  uagb-infobox_cta-type-all uagb-infobox-icon-above-title uagb-infobox-image-valign-top\"><a href=\"https:\/\/dge.mec.pt\/sites\/default\/files\/Curriculo\/Projeto_Autonomia_e_Flexibilidade\/perfil_dos_alunos.pdf\" class=\"uagb-infobox-link-wrap uagb-infbox__link-to-all\" target=\"_self\" aria-label=\"Infobox Link\" rel=\"noopener noreferrer\" onclick=\"return true;\"><\/a><div class=\"uagb-ifb-content\"><div class=\"uagb-ifb-icon-wrap\"><svg xmlns=\"https:\/\/www.w3.org\/2000\/svg\" viewBox=\"0 0 512 512\"><path d=\"M160 416H96c-17.67 0-32-14.33-32-32V128c0-17.67 14.33-32 32-32h64c17.67 0 32-14.33 32-32S177.7 32 160 32H96C42.98 32 0 74.98 0 128v256c0 53.02 42.98 96 96 96h64c17.67 0 32-14.33 32-32S177.7 416 160 416zM502.6 233.4l-128-128c-12.51-12.51-32.76-12.49-45.25 0c-12.5 12.5-12.5 32.75 0 45.25L402.8 224H192C174.3 224 160 238.3 160 256s14.31 32 32 32h210.8l-73.38 73.38c-12.5 12.5-12.5 32.75 0 45.25s32.75 12.5 45.25 0l128-128C515.1 266.1 515.1 245.9 502.6 233.4z\"><\/path><\/svg><\/div><div class=\"uagb-ifb-title-wrap\"><h5 class=\"uagb-ifb-title\">Perfil dos Alunos \u00e0 Sa\u00edda<br>da Escolaridade Obrigat\u00f3ria<\/h5><\/div><div class=\"uagb-ifb-button-wrapper wp-block-button\"><\/div><\/div><\/div>\n<\/div>\n\n\n\n<div class=\"wp-block-uagb-container uagb-block-ca2610c9\">\n<div class=\"wp-block-uagb-info-box uagb-block-e3ad2ff0 uagb-infobox__content-wrap  uagb-infobox_cta-type-all uagb-infobox-icon-above-title uagb-infobox-image-valign-top\"><a href=\"http:\/\/www.dge.mec.pt\/aprendizagens-essenciais-ensino-basico\" class=\"uagb-infobox-link-wrap uagb-infbox__link-to-all\" target=\"_self\" aria-label=\"Infobox Link\" rel=\"noopener noreferrer\" onclick=\"return true;\"><\/a><div class=\"uagb-ifb-content\"><div class=\"uagb-ifb-icon-wrap\"><svg xmlns=\"https:\/\/www.w3.org\/2000\/svg\" viewBox=\"0 0 512 512\"><path d=\"M160 416H96c-17.67 0-32-14.33-32-32V128c0-17.67 14.33-32 32-32h64c17.67 0 32-14.33 32-32S177.7 32 160 32H96C42.98 32 0 74.98 0 128v256c0 53.02 42.98 96 96 96h64c17.67 0 32-14.33 32-32S177.7 416 160 416zM502.6 233.4l-128-128c-12.51-12.51-32.76-12.49-45.25 0c-12.5 12.5-12.5 32.75 0 45.25L402.8 224H192C174.3 224 160 238.3 160 256s14.31 32 32 32h210.8l-73.38 73.38c-12.5 12.5-12.5 32.75 0 45.25s32.75 12.5 45.25 0l128-128C515.1 266.1 515.1 245.9 502.6 233.4z\"><\/path><\/svg><\/div><div class=\"uagb-ifb-title-wrap\"><h5 class=\"uagb-ifb-title\">Aprendizagens Essenciais<br>Ensino B\u00e1sico<\/h5><\/div><div class=\"uagb-ifb-button-wrapper wp-block-button\"><\/div><\/div><\/div>\n<\/div>\n\n\n\n<div class=\"wp-block-uagb-container uagb-block-4b2ffa7e\">\n<div class=\"wp-block-uagb-info-box uagb-block-6316349c uagb-infobox__content-wrap  uagb-infobox_cta-type-all uagb-infobox-icon-above-title uagb-infobox-image-valign-top\"><a href=\"http:\/\/www.dge.mec.pt\/aprendizagens-essenciais-ensino-secundario\" class=\"uagb-infobox-link-wrap uagb-infbox__link-to-all\" target=\"_self\" aria-label=\"Infobox Link\" rel=\"noopener noreferrer\" onclick=\"return true;\"><\/a><div class=\"uagb-ifb-content\"><div class=\"uagb-ifb-icon-wrap\"><svg xmlns=\"https:\/\/www.w3.org\/2000\/svg\" viewBox=\"0 0 512 512\"><path d=\"M160 416H96c-17.67 0-32-14.33-32-32V128c0-17.67 14.33-32 32-32h64c17.67 0 32-14.33 32-32S177.7 32 160 32H96C42.98 32 0 74.98 0 128v256c0 53.02 42.98 96 96 96h64c17.67 0 32-14.33 32-32S177.7 416 160 416zM502.6 233.4l-128-128c-12.51-12.51-32.76-12.49-45.25 0c-12.5 12.5-12.5 32.75 0 45.25L402.8 224H192C174.3 224 160 238.3 160 256s14.31 32 32 32h210.8l-73.38 73.38c-12.5 12.5-12.5 32.75 0 45.25s32.75 12.5 45.25 0l128-128C515.1 266.1 515.1 245.9 502.6 233.4z\"><\/path><\/svg><\/div><div class=\"uagb-ifb-title-wrap\"><h5 class=\"uagb-ifb-title\">Aprendizagens Essenciais<br>Ensino Secund\u00e1rio<\/h5><\/div><div class=\"uagb-ifb-button-wrapper wp-block-button\"><\/div><\/div><\/div>\n<\/div>\n<\/div>\n<\/div>\n\n\n\n<div style=\"height:30px\" aria-hidden=\"true\" class=\"wp-block-spacer\"><\/div>\n","protected":false},"excerpt":{"rendered":"<p>Para consultar&#8230;<\/p>\n","protected":false},"author":1,"featured_media":0,"parent":0,"menu_order":0,"comment_status":"closed","ping_status":"closed","template":"","meta":{"qubely_global_settings":"","qubely_interactions":"","_uag_custom_page_level_css":"","footnotes":""},"class_list":["post-1944","page","type-page","status-publish","hentry"],"yoast_head":"<!-- This site is optimized with the Yoast SEO plugin v26.3 - https:\/\/yoast.com\/wordpress\/plugins\/seo\/ -->\n<title>Alunos - Agrupamento de Escolas de Vendas Novas<\/title>\n<meta name=\"robots\" content=\"index, follow, max-snippet:-1, max-image-preview:large, max-video-preview:-1\" \/>\n<link rel=\"canonical\" href=\"http:\/\/portal550.aevn.pt\/index.php\/alunos\/\" \/>\n<meta property=\"og:locale\" content=\"pt_PT\" \/>\n<meta property=\"og:type\" content=\"article\" \/>\n<meta property=\"og:title\" content=\"Alunos - Agrupamento de Escolas de Vendas Novas\" \/>\n<meta property=\"og:description\" content=\"Para consultar&#8230;\" \/>\n<meta property=\"og:url\" content=\"http:\/\/portal550.aevn.pt\/index.php\/alunos\/\" \/>\n<meta property=\"og:site_name\" content=\"Agrupamento de Escolas de Vendas Novas\" \/>\n<meta property=\"article:publisher\" content=\"https:\/\/www.facebook.com\/agrupamentoescolasvendasnovas\" \/>\n<meta property=\"article:modified_time\" content=\"2023-07-24T14:08:44+00:00\" \/>\n<meta name=\"twitter:card\" content=\"summary_large_image\" \/>\n<meta name=\"twitter:label1\" content=\"Tempo estimado de leitura\" \/>\n\t<meta name=\"twitter:data1\" content=\"1 minuto\" \/>\n<script type=\"application\/ld+json\" class=\"yoast-schema-graph\">{\"@context\":\"https:\/\/schema.org\",\"@graph\":[{\"@type\":\"WebPage\",\"@id\":\"http:\/\/portal550.aevn.pt\/index.php\/alunos\/\",\"url\":\"http:\/\/portal550.aevn.pt\/index.php\/alunos\/\",\"name\":\"Alunos - Agrupamento de Escolas de Vendas Novas\",\"isPartOf\":{\"@id\":\"http:\/\/portal550.aevn.pt\/#website\"},\"datePublished\":\"2023-07-15T12:55:19+00:00\",\"dateModified\":\"2023-07-24T14:08:44+00:00\",\"breadcrumb\":{\"@id\":\"http:\/\/portal550.aevn.pt\/index.php\/alunos\/#breadcrumb\"},\"inLanguage\":\"pt-PT\",\"potentialAction\":[{\"@type\":\"ReadAction\",\"target\":[\"http:\/\/portal550.aevn.pt\/index.php\/alunos\/\"]}]},{\"@type\":\"BreadcrumbList\",\"@id\":\"http:\/\/portal550.aevn.pt\/index.php\/alunos\/#breadcrumb\",\"itemListElement\":[{\"@type\":\"ListItem\",\"position\":1,\"name\":\"In\u00edcio\",\"item\":\"http:\/\/portal550.aevn.pt\/\"},{\"@type\":\"ListItem\",\"position\":2,\"name\":\"Alunos\"}]},{\"@type\":\"WebSite\",\"@id\":\"http:\/\/portal550.aevn.pt\/#website\",\"url\":\"http:\/\/portal550.aevn.pt\/\",\"name\":\"Agrupamento de Escolas de Vendas Novas\",\"description\":\"\",\"publisher\":{\"@id\":\"http:\/\/portal550.aevn.pt\/#organization\"},\"potentialAction\":[{\"@type\":\"SearchAction\",\"target\":{\"@type\":\"EntryPoint\",\"urlTemplate\":\"http:\/\/portal550.aevn.pt\/?s={search_term_string}\"},\"query-input\":{\"@type\":\"PropertyValueSpecification\",\"valueRequired\":true,\"valueName\":\"search_term_string\"}}],\"inLanguage\":\"pt-PT\"},{\"@type\":\"Organization\",\"@id\":\"http:\/\/portal550.aevn.pt\/#organization\",\"name\":\"Agrupamento de Escolas de Vendas Novas\",\"url\":\"http:\/\/portal550.aevn.pt\/\",\"logo\":{\"@type\":\"ImageObject\",\"inLanguage\":\"pt-PT\",\"@id\":\"http:\/\/portal550.aevn.pt\/#\/schema\/logo\/image\/\",\"url\":\"http:\/\/portal550.aevn.pt\/wp-content\/uploads\/2023\/07\/logo_AEVNweb.png\",\"contentUrl\":\"http:\/\/portal550.aevn.pt\/wp-content\/uploads\/2023\/07\/logo_AEVNweb.png\",\"width\":500,\"height\":150,\"caption\":\"Agrupamento de Escolas de Vendas Novas\"},\"image\":{\"@id\":\"http:\/\/portal550.aevn.pt\/#\/schema\/logo\/image\/\"},\"sameAs\":[\"https:\/\/www.facebook.com\/agrupamentoescolasvendasnovas\"]}]}<\/script>\n<!-- \/ Yoast SEO plugin. -->","yoast_head_json":{"title":"Alunos - Agrupamento de Escolas de Vendas Novas","robots":{"index":"index","follow":"follow","max-snippet":"max-snippet:-1","max-image-preview":"max-image-preview:large","max-video-preview":"max-video-preview:-1"},"canonical":"http:\/\/portal550.aevn.pt\/index.php\/alunos\/","og_locale":"pt_PT","og_type":"article","og_title":"Alunos - Agrupamento de Escolas de Vendas Novas","og_description":"Para consultar&#8230;","og_url":"http:\/\/portal550.aevn.pt\/index.php\/alunos\/","og_site_name":"Agrupamento de Escolas de Vendas Novas","article_publisher":"https:\/\/www.facebook.com\/agrupamentoescolasvendasnovas","article_modified_time":"2023-07-24T14:08:44+00:00","twitter_card":"summary_large_image","twitter_misc":{"Tempo estimado de leitura":"1 minuto"},"schema":{"@context":"https:\/\/schema.org","@graph":[{"@type":"WebPage","@id":"http:\/\/portal550.aevn.pt\/index.php\/alunos\/","url":"http:\/\/portal550.aevn.pt\/index.php\/alunos\/","name":"Alunos - Agrupamento de Escolas de Vendas Novas","isPartOf":{"@id":"http:\/\/portal550.aevn.pt\/#website"},"datePublished":"2023-07-15T12:55:19+00:00","dateModified":"2023-07-24T14:08:44+00:00","breadcrumb":{"@id":"http:\/\/portal550.aevn.pt\/index.php\/alunos\/#breadcrumb"},"inLanguage":"pt-PT","potentialAction":[{"@type":"ReadAction","target":["http:\/\/portal550.aevn.pt\/index.php\/alunos\/"]}]},{"@type":"BreadcrumbList","@id":"http:\/\/portal550.aevn.pt\/index.php\/alunos\/#breadcrumb","itemListElement":[{"@type":"ListItem","position":1,"name":"In\u00edcio","item":"http:\/\/portal550.aevn.pt\/"},{"@type":"ListItem","position":2,"name":"Alunos"}]},{"@type":"WebSite","@id":"http:\/\/portal550.aevn.pt\/#website","url":"http:\/\/portal550.aevn.pt\/","name":"Agrupamento de Escolas de Vendas Novas","description":"","publisher":{"@id":"http:\/\/portal550.aevn.pt\/#organization"},"potentialAction":[{"@type":"SearchAction","target":{"@type":"EntryPoint","urlTemplate":"http:\/\/portal550.aevn.pt\/?s={search_term_string}"},"query-input":{"@type":"PropertyValueSpecification","valueRequired":true,"valueName":"search_term_string"}}],"inLanguage":"pt-PT"},{"@type":"Organization","@id":"http:\/\/portal550.aevn.pt\/#organization","name":"Agrupamento de Escolas de Vendas Novas","url":"http:\/\/portal550.aevn.pt\/","logo":{"@type":"ImageObject","inLanguage":"pt-PT","@id":"http:\/\/portal550.aevn.pt\/#\/schema\/logo\/image\/","url":"http:\/\/portal550.aevn.pt\/wp-content\/uploads\/2023\/07\/logo_AEVNweb.png","contentUrl":"http:\/\/portal550.aevn.pt\/wp-content\/uploads\/2023\/07\/logo_AEVNweb.png","width":500,"height":150,"caption":"Agrupamento de Escolas de Vendas Novas"},"image":{"@id":"http:\/\/portal550.aevn.pt\/#\/schema\/logo\/image\/"},"sameAs":["https:\/\/www.facebook.com\/agrupamentoescolasvendasnovas"]}]}},"uagb_featured_image_src":{"full":false,"thumbnail":false,"medium":false,"medium_large":false,"large":false,"1536x1536":false,"2048x2048":false,"qubely_landscape":false,"qubely_portrait":false,"qubely_thumbnail":false},"uagb_author_info":{"display_name":"admin","author_link":"http:\/\/portal550.aevn.pt\/index.php\/author\/f529\/"},"uagb_comment_info":0,"uagb_excerpt":"Para consultar&#8230;","jetpack_sharing_enabled":true,"_links":{"self":[{"href":"http:\/\/portal550.aevn.pt\/index.php\/wp-json\/wp\/v2\/pages\/1944","targetHints":{"allow":["GET"]}}],"collection":[{"href":"http:\/\/portal550.aevn.pt\/index.php\/wp-json\/wp\/v2\/pages"}],"about":[{"href":"http:\/\/portal550.aevn.pt\/index.php\/wp-json\/wp\/v2\/types\/page"}],"author":[{"embeddable":true,"href":"http:\/\/portal550.aevn.pt\/index.php\/wp-json\/wp\/v2\/users\/1"}],"replies":[{"embeddable":true,"href":"http:\/\/portal550.aevn.pt\/index.php\/wp-json\/wp\/v2\/comments?post=1944"}],"version-history":[{"count":22,"href":"http:\/\/portal550.aevn.pt\/index.php\/wp-json\/wp\/v2\/pages\/1944\/revisions"}],"predecessor-version":[{"id":2253,"href":"http:\/\/portal550.aevn.pt\/index.php\/wp-json\/wp\/v2\/pages\/1944\/revisions\/2253"}],"wp:attachment":[{"href":"http:\/\/portal550.aevn.pt\/index.php\/wp-json\/wp\/v2\/media?parent=1944"}],"curies":[{"name":"wp","href":"https:\/\/api.w.org\/{rel}","templated":true}]}}