{"id":1726,"date":"2023-07-14T12:57:11","date_gmt":"2023-07-14T12:57:11","guid":{"rendered":"http:\/\/portal550.aevn.pt\/?page_id=1726"},"modified":"2023-07-18T10:02:55","modified_gmt":"2023-07-18T10:02:55","slug":"servicos","status":"publish","type":"page","link":"http:\/\/portal550.aevn.pt\/index.php\/agrupamento\/servicos\/","title":{"rendered":"Servi\u00e7os"},"content":{"rendered":"\n<div style=\"height:30px\" aria-hidden=\"true\" class=\"wp-block-spacer\"><\/div>\n\n\n\n<div class=\"wp-block-uagb-container uagb-block-96357bc8 alignwide uagb-is-root-container\">\n<div class=\"wp-block-uagb-info-box uagb-block-643f5b5d uagb-infobox__content-wrap  uagb-infobox-icon-above-title uagb-infobox-image-valign-top\"><div class=\"uagb-ifb-content\"><div class=\"uagb-ifb-icon-wrap\"><svg xmlns=\"https:\/\/www.w3.org\/2000\/svg\" viewBox=\"0 0 512 512\"><path d=\"M0 219.2v212.5c0 14.25 11.62 26.25 26.5 27C75.32 461.2 180.2 471.3 240 511.9V245.2C181.4 205.5 79.99 194.8 29.84 192C13.59 191.1 0 203.6 0 219.2zM482.2 192c-50.09 2.848-151.3 13.47-209.1 53.09C272.1 245.2 272 245.3 272 245.5v266.5c60.04-40.39 164.7-50.76 213.5-53.28C500.4 457.9 512 445.9 512 431.7V219.2C512 203.6 498.4 191.1 482.2 192zM352 96c0-53-43-96-96-96S160 43 160 96s43 96 96 96S352 149 352 96z\"><\/path><\/svg><\/div><div class=\"uagb-ifb-title-wrap\"><h3 class=\"uagb-ifb-title\"><strong>Servi\u00e7os Administrativos<\/strong><\/h3><\/div><\/div><\/div>\n\n\n\n<div class=\"wp-block-uagb-icon-list uagb-block-630e4a56\"><div class=\"uagb-icon-list__wrap\">\n<div class=\"wp-block-uagb-icon-list-child uagb-block-3bedcc49\"><span class=\"uagb-icon-list__source-wrap\"><svg xmlns=\"https:\/\/www.w3.org\/2000\/svg\" viewBox=\"0 0 512 512\"><path d=\"M256 512C114.6 512 0 397.4 0 256C0 114.6 114.6 0 256 0C397.4 0 512 114.6 512 256C512 397.4 397.4 512 256 512zM232 256C232 264 236 271.5 242.7 275.1L338.7 339.1C349.7 347.3 364.6 344.3 371.1 333.3C379.3 322.3 376.3 307.4 365.3 300L280 243.2V120C280 106.7 269.3 96 255.1 96C242.7 96 231.1 106.7 231.1 120L232 256z\"><\/path><\/svg><\/span><span class=\"uagb-icon-list__label\">das 9h00 \u00e0s 16h00<\/span><\/div>\n\n\n\n<div class=\"wp-block-uagb-icon-list-child uagb-block-05499452\"><span class=\"uagb-icon-list__source-wrap\"><svg xmlns=\"https:\/\/www.w3.org\/2000\/svg\" viewBox=\"0 0 448 512\"><path d=\"M160 32V64H288V32C288 14.33 302.3 0 320 0C337.7 0 352 14.33 352 32V64H400C426.5 64 448 85.49 448 112V160H0V112C0 85.49 21.49 64 48 64H96V32C96 14.33 110.3 0 128 0C145.7 0 160 14.33 160 32zM0 192H448V464C448 490.5 426.5 512 400 512H48C21.49 512 0 490.5 0 464V192zM64 304C64 312.8 71.16 320 80 320H112C120.8 320 128 312.8 128 304V272C128 263.2 120.8 256 112 256H80C71.16 256 64 263.2 64 272V304zM192 304C192 312.8 199.2 320 208 320H240C248.8 320 256 312.8 256 304V272C256 263.2 248.8 256 240 256H208C199.2 256 192 263.2 192 272V304zM336 256C327.2 256 320 263.2 320 272V304C320 312.8 327.2 320 336 320H368C376.8 320 384 312.8 384 304V272C384 263.2 376.8 256 368 256H336zM64 432C64 440.8 71.16 448 80 448H112C120.8 448 128 440.8 128 432V400C128 391.2 120.8 384 112 384H80C71.16 384 64 391.2 64 400V432zM208 384C199.2 384 192 391.2 192 400V432C192 440.8 199.2 448 208 448H240C248.8 448 256 440.8 256 432V400C256 391.2 248.8 384 240 384H208zM320 432C320 440.8 327.2 448 336 448H368C376.8 448 384 440.8 384 432V400C384 391.2 376.8 384 368 384H336C327.2 384 320 391.2 320 400V432z\"><\/path><\/svg><\/span><span class=\"uagb-icon-list__label\">de segunda-feira a sexta-feira<\/span><\/div>\n\n\n\n<div class=\"wp-block-uagb-icon-list-child uagb-block-a225ea31\"><span class=\"uagb-icon-list__source-wrap\"><svg xmlns=\"https:\/\/www.w3.org\/2000\/svg\" viewBox=\"0 0 512 512\"><path d=\"M511.2 387l-23.25 100.8c-3.266 14.25-15.79 24.22-30.46 24.22C205.2 512 0 306.8 0 54.5c0-14.66 9.969-27.2 24.22-30.45l100.8-23.25C139.7-2.602 154.7 5.018 160.8 18.92l46.52 108.5c5.438 12.78 1.77 27.67-8.98 36.45L144.5 207.1c33.98 69.22 90.26 125.5 159.5 159.5l44.08-53.8c8.688-10.78 23.69-14.51 36.47-8.975l108.5 46.51C506.1 357.2 514.6 372.4 511.2 387z\"><\/path><\/svg><\/span><span class=\"uagb-icon-list__label\">265 809 910<\/span><\/div>\n\n\n\n<div class=\"wp-block-uagb-icon-list-child uagb-block-15be1965\"><span class=\"uagb-icon-list__source-wrap\"><svg xmlns=\"https:\/\/www.w3.org\/2000\/svg\" viewBox=\"0 0 512 512\"><path d=\"M192 64h197.5L416 90.51V160h64V77.25c0-8.484-3.375-16.62-9.375-22.62l-45.25-45.25C419.4 3.375 411.2 0 402.8 0H160C142.3 0 128 14.33 128 32v128h64V64zM64 128H32C14.38 128 0 142.4 0 160v320c0 17.62 14.38 32 32 32h32c17.62 0 32-14.38 32-32V160C96 142.4 81.63 128 64 128zM480 192H128v288c0 17.6 14.4 32 32 32h320c17.6 0 32-14.4 32-32V224C512 206.4 497.6 192 480 192zM288 432c0 8.875-7.125 16-16 16h-32C231.1 448 224 440.9 224 432v-32C224 391.1 231.1 384 240 384h32c8.875 0 16 7.125 16 16V432zM288 304c0 8.875-7.125 16-16 16h-32C231.1 320 224 312.9 224 304v-32C224 263.1 231.1 256 240 256h32C280.9 256 288 263.1 288 272V304zM416 432c0 8.875-7.125 16-16 16h-32c-8.875 0-16-7.125-16-16v-32c0-8.875 7.125-16 16-16h32c8.875 0 16 7.125 16 16V432zM416 304c0 8.875-7.125 16-16 16h-32C359.1 320 352 312.9 352 304v-32C352 263.1 359.1 256 368 256h32C408.9 256 416 263.1 416 272V304z\"><\/path><\/svg><\/span><span class=\"uagb-icon-list__label\">265 891 717<\/span><\/div>\n\n\n\n<div class=\"wp-block-uagb-icon-list-child uagb-block-d25a2a92\"><span class=\"uagb-icon-list__source-wrap\"><svg xmlns=\"https:\/\/www.w3.org\/2000\/svg\" viewBox=\"0 0 512 512\"><path d=\"M464 64C490.5 64 512 85.49 512 112C512 127.1 504.9 141.3 492.8 150.4L275.2 313.6C263.8 322.1 248.2 322.1 236.8 313.6L19.2 150.4C7.113 141.3 0 127.1 0 112C0 85.49 21.49 64 48 64H464zM217.6 339.2C240.4 356.3 271.6 356.3 294.4 339.2L512 176V384C512 419.3 483.3 448 448 448H64C28.65 448 0 419.3 0 384V176L217.6 339.2z\"><\/path><\/svg><\/span><span class=\"uagb-icon-list__label\">saesvn@mail.telepac.pt<\/span><\/div>\n<\/div><\/div>\n<\/div>\n\n\n\n<div style=\"height:30px\" aria-hidden=\"true\" class=\"wp-block-spacer\"><\/div>\n\n\n\n<div class=\"wp-block-uagb-container uagb-block-ae8cd9ec alignwide uagb-is-root-container\">\n<div class=\"wp-block-uagb-container uagb-block-b08114e1\">\n<div class=\"wp-block-uagb-info-box uagb-block-87b6b036 uagb-infobox__content-wrap  uagb-infobox-icon-above-title uagb-infobox-image-valign-top\"><div class=\"uagb-ifb-content\"><div class=\"uagb-ifb-icon-wrap\"><svg xmlns=\"https:\/\/www.w3.org\/2000\/svg\" viewBox=\"0 0 512 512\"><path d=\"M0 219.2v212.5c0 14.25 11.62 26.25 26.5 27C75.32 461.2 180.2 471.3 240 511.9V245.2C181.4 205.5 79.99 194.8 29.84 192C13.59 191.1 0 203.6 0 219.2zM482.2 192c-50.09 2.848-151.3 13.47-209.1 53.09C272.1 245.2 272 245.3 272 245.5v266.5c60.04-40.39 164.7-50.76 213.5-53.28C500.4 457.9 512 445.9 512 431.7V219.2C512 203.6 498.4 191.1 482.2 192zM352 96c0-53-43-96-96-96S160 43 160 96s43 96 96 96S352 149 352 96z\"><\/path><\/svg><\/div><div class=\"uagb-ifb-title-wrap\"><h3 class=\"uagb-ifb-title\"><strong>Refeit\u00f3rio \/ Bufete<\/strong><\/h3><\/div><\/div><\/div>\n\n\n\n<div class=\"wp-block-uagb-icon-list uagb-block-09acb320\"><div class=\"uagb-icon-list__wrap\">\n<div class=\"wp-block-uagb-icon-list-child uagb-block-ca8ba3a2\"><span class=\"uagb-icon-list__source-wrap\"><svg xmlns=\"https:\/\/www.w3.org\/2000\/svg\" viewBox=\"0 0 512 512\"><path d=\"M256 512C114.6 512 0 397.4 0 256C0 114.6 114.6 0 256 0C397.4 0 512 114.6 512 256C512 397.4 397.4 512 256 512zM232 256C232 264 236 271.5 242.7 275.1L338.7 339.1C349.7 347.3 364.6 344.3 371.1 333.3C379.3 322.3 376.3 307.4 365.3 300L280 243.2V120C280 106.7 269.3 96 255.1 96C242.7 96 231.1 106.7 231.1 120L232 256z\"><\/path><\/svg><\/span><span class=\"uagb-icon-list__label\">das 9h00 \u00e0s 16h00<\/span><\/div>\n\n\n\n<div class=\"wp-block-uagb-icon-list-child uagb-block-30a44ced\"><span class=\"uagb-icon-list__source-wrap\"><svg xmlns=\"https:\/\/www.w3.org\/2000\/svg\" viewBox=\"0 0 512 512\"><path d=\"M256 112V128C256 136.8 248.8 144 240 144C195.8 144 160 108.2 160 64V48C160 39.16 167.2 32 176 32C220.2 32 256 67.82 256 112zM104 64C117.3 64 128 74.75 128 88C128 101.3 117.3 112 104 112H56C42.75 112 32 101.3 32 88C32 74.75 42.75 64 56 64H104zM136 136C149.3 136 160 146.7 160 160C160 173.3 149.3 184 136 184H24C10.75 184 0 173.3 0 160C0 146.7 10.75 136 24 136H136zM32 232C32 218.7 42.75 208 56 208H104C117.3 208 128 218.7 128 232C128 245.3 117.3 256 104 256H56C42.75 256 32 245.3 32 232zM272 48C272 39.16 279.2 32 288 32C332.2 32 368 67.82 368 112V128C368 136.8 360.8 144 352 144C307.8 144 272 108.2 272 64V48zM480 112V128C480 136.8 472.8 144 464 144C419.8 144 384 108.2 384 64V48C384 39.16 391.2 32 400 32C444.2 32 480 67.82 480 112zM480 208C480 252.2 444.2 288 400 288C391.2 288 384 280.8 384 272V256C384 211.8 419.8 176 464 176C472.8 176 480 183.2 480 192V208zM352 176C360.8 176 368 183.2 368 192V208C368 252.2 332.2 288 288 288C279.2 288 272 280.8 272 272V256C272 211.8 307.8 176 352 176zM256 208C256 252.2 220.2 288 176 288C167.2 288 160 280.8 160 272V256C160 211.8 195.8 176 240 176C248.8 176 256 183.2 256 192V208zM0 352C0 334.3 14.33 320 32 320H480C497.7 320 512 334.3 512 352C512 411.7 471.1 461.9 415.8 476C415.9 477.3 416 478.7 416 480C416 497.7 401.7 512 384 512H128C110.3 512 96 497.7 96 480C96 478.7 96.08 477.3 96.24 476C40.91 461.9 0 411.7 0 352V352z\"><\/path><\/svg><\/span><span class=\"uagb-icon-list__label\">Consulte aqui as ementas<\/span><\/div>\n<\/div><\/div>\n<\/div>\n\n\n\n<div class=\"wp-block-uagb-container uagb-block-81913a3a\">\n<div class=\"wp-block-uagb-info-box uagb-block-7d202e99 uagb-infobox__content-wrap  uagb-infobox-icon-above-title uagb-infobox-image-valign-top\"><div class=\"uagb-ifb-content\"><div class=\"uagb-ifb-icon-wrap\"><svg xmlns=\"https:\/\/www.w3.org\/2000\/svg\" viewBox=\"0 0 512 512\"><path d=\"M0 219.2v212.5c0 14.25 11.62 26.25 26.5 27C75.32 461.2 180.2 471.3 240 511.9V245.2C181.4 205.5 79.99 194.8 29.84 192C13.59 191.1 0 203.6 0 219.2zM482.2 192c-50.09 2.848-151.3 13.47-209.1 53.09C272.1 245.2 272 245.3 272 245.5v266.5c60.04-40.39 164.7-50.76 213.5-53.28C500.4 457.9 512 445.9 512 431.7V219.2C512 203.6 498.4 191.1 482.2 192zM352 96c0-53-43-96-96-96S160 43 160 96s43 96 96 96S352 149 352 96z\"><\/path><\/svg><\/div><div class=\"uagb-ifb-title-wrap\"><h3 class=\"uagb-ifb-title\"><strong><strong><strong>Papelaria \/ Reprografia<\/strong><\/strong><\/strong><\/h3><\/div><\/div><\/div>\n\n\n\n<div class=\"wp-block-uagb-icon-list uagb-block-89fd4cb2\"><div class=\"uagb-icon-list__wrap\">\n<div class=\"wp-block-uagb-icon-list-child uagb-block-ddb1c1d8\"><span class=\"uagb-icon-list__source-wrap\"><svg xmlns=\"https:\/\/www.w3.org\/2000\/svg\" viewBox=\"0 0 512 512\"><path d=\"M256 512C114.6 512 0 397.4 0 256C0 114.6 114.6 0 256 0C397.4 0 512 114.6 512 256C512 397.4 397.4 512 256 512zM232 256C232 264 236 271.5 242.7 275.1L338.7 339.1C349.7 347.3 364.6 344.3 371.1 333.3C379.3 322.3 376.3 307.4 365.3 300L280 243.2V120C280 106.7 269.3 96 255.1 96C242.7 96 231.1 106.7 231.1 120L232 256z\"><\/path><\/svg><\/span><span class=\"uagb-icon-list__label\">das 9h00 \u00e0s 16h00<\/span><\/div>\n\n\n\n<div class=\"wp-block-uagb-icon-list-child uagb-block-656f0ac5\"><span class=\"uagb-icon-list__source-wrap\"><svg xmlns=\"https:\/\/www.w3.org\/2000\/svg\" viewBox=\"0 0 448 512\"><path d=\"M160 32V64H288V32C288 14.33 302.3 0 320 0C337.7 0 352 14.33 352 32V64H400C426.5 64 448 85.49 448 112V160H0V112C0 85.49 21.49 64 48 64H96V32C96 14.33 110.3 0 128 0C145.7 0 160 14.33 160 32zM0 192H448V464C448 490.5 426.5 512 400 512H48C21.49 512 0 490.5 0 464V192zM64 304C64 312.8 71.16 320 80 320H112C120.8 320 128 312.8 128 304V272C128 263.2 120.8 256 112 256H80C71.16 256 64 263.2 64 272V304zM192 304C192 312.8 199.2 320 208 320H240C248.8 320 256 312.8 256 304V272C256 263.2 248.8 256 240 256H208C199.2 256 192 263.2 192 272V304zM336 256C327.2 256 320 263.2 320 272V304C320 312.8 327.2 320 336 320H368C376.8 320 384 312.8 384 304V272C384 263.2 376.8 256 368 256H336zM64 432C64 440.8 71.16 448 80 448H112C120.8 448 128 440.8 128 432V400C128 391.2 120.8 384 112 384H80C71.16 384 64 391.2 64 400V432zM208 384C199.2 384 192 391.2 192 400V432C192 440.8 199.2 448 208 448H240C248.8 448 256 440.8 256 432V400C256 391.2 248.8 384 240 384H208zM320 432C320 440.8 327.2 448 336 448H368C376.8 448 384 440.8 384 432V400C384 391.2 376.8 384 368 384H336C327.2 384 320 391.2 320 400V432z\"><\/path><\/svg><\/span><span class=\"uagb-icon-list__label\">de segunda-feira a sexta-feira<\/span><\/div>\n<\/div><\/div>\n<\/div>\n<\/div>\n\n\n\n<div style=\"height:30px\" aria-hidden=\"true\" class=\"wp-block-spacer\"><\/div>\n\n\n\n<div class=\"wp-block-uagb-container uagb-block-69236e53 alignwide uagb-is-root-container\">\n<div class=\"wp-block-uagb-info-box uagb-block-27b925c9 uagb-infobox__content-wrap  uagb-infobox-icon-above-title uagb-infobox-image-valign-top\"><div class=\"uagb-ifb-content\"><div class=\"uagb-ifb-icon-wrap\"><svg xmlns=\"https:\/\/www.w3.org\/2000\/svg\" viewBox=\"0 0 512 512\"><path d=\"M0 219.2v212.5c0 14.25 11.62 26.25 26.5 27C75.32 461.2 180.2 471.3 240 511.9V245.2C181.4 205.5 79.99 194.8 29.84 192C13.59 191.1 0 203.6 0 219.2zM482.2 192c-50.09 2.848-151.3 13.47-209.1 53.09C272.1 245.2 272 245.3 272 245.5v266.5c60.04-40.39 164.7-50.76 213.5-53.28C500.4 457.9 512 445.9 512 431.7V219.2C512 203.6 498.4 191.1 482.2 192zM352 96c0-53-43-96-96-96S160 43 160 96s43 96 96 96S352 149 352 96z\"><\/path><\/svg><\/div><div class=\"uagb-ifb-title-wrap\"><h3 class=\"uagb-ifb-title\"><strong>Biblioteca Escolar<\/strong><\/h3><\/div><\/div><\/div>\n\n\n\n<p>As Bibliotecas Escolares (BE) t\u00eam um papel fulcral na resposta \u00e0s necessidades da Escola, contribuindo para a consecu\u00e7\u00e3o da sua miss\u00e3o e objetivos e assumindo-se como um n\u00facleo ativo e interveniente, ao n\u00edvel da aprendizagem e da forma\u00e7\u00e3o dos alunos.<\/p>\n\n\n\n<p>O Agrupamento de Escolas de Vendas Novas conta com tr\u00eas bibliotecas, cujos servi\u00e7os s\u00e3o dirigidos a toda a popula\u00e7\u00e3o escolar:<\/p>\n\n\n\n<ul class=\"wp-block-list\">\n<li>BE da Escola Secund\u00e1ria (escola sede);<\/li>\n\n\n\n<li>BE da Escola B\u00e1sica n\u00ba1;<\/li>\n\n\n\n<li>BE da Escola B\u00e1sica n\u00ba2 \u2013 Centro Educativo<\/li>\n<\/ul>\n\n\n\n<p>Cada uma destas bibliotecas faculta recursos espec\u00edficos para os diversos graus de ensino &#8211; pr\u00e9-escolar, ensino b\u00e1sico e ensino secund\u00e1rio. Apoiando-se num trabalho colaborativo com os docentes das v\u00e1rias escolas, as bibliotecas escolares dinamizam atividades e projetos, por forma a apoiar o percurso formativo e curricular das crian\u00e7as\/alunos, constituindo-se como uma oportunidade de desenvolvimento de m\u00faltiplas literacias.<\/p>\n\n\n\n<p>Link:&nbsp;<a href=\"https:\/\/bibliotecasdoaevn.wixsite.com\/vendasnovas\" target=\"_blank\" rel=\"noreferrer noopener\">https:\/\/bibliotecasdoaevn.wixsite.com\/vendasnovas<\/a><\/p>\n<\/div>\n\n\n\n<div style=\"height:30px\" aria-hidden=\"true\" class=\"wp-block-spacer\"><\/div>\n\n\n\n<div class=\"wp-block-uagb-container uagb-block-550c408b alignwide uagb-is-root-container\">\n<div class=\"wp-block-uagb-info-box uagb-block-129eff1e uagb-infobox__content-wrap  uagb-infobox-icon-above-title uagb-infobox-image-valign-top\"><div class=\"uagb-ifb-content\"><div class=\"uagb-ifb-icon-wrap\"><svg xmlns=\"https:\/\/www.w3.org\/2000\/svg\" viewBox=\"0 0 512 512\"><path d=\"M0 219.2v212.5c0 14.25 11.62 26.25 26.5 27C75.32 461.2 180.2 471.3 240 511.9V245.2C181.4 205.5 79.99 194.8 29.84 192C13.59 191.1 0 203.6 0 219.2zM482.2 192c-50.09 2.848-151.3 13.47-209.1 53.09C272.1 245.2 272 245.3 272 245.5v266.5c60.04-40.39 164.7-50.76 213.5-53.28C500.4 457.9 512 445.9 512 431.7V219.2C512 203.6 498.4 191.1 482.2 192zM352 96c0-53-43-96-96-96S160 43 160 96s43 96 96 96S352 149 352 96z\"><\/path><\/svg><\/div><div class=\"uagb-ifb-title-wrap\"><h3 class=\"uagb-ifb-title\"><strong>Servi\u00e7o de Psicologia e Orienta\u00e7\u00e3o<\/strong><\/h3><\/div><\/div><\/div>\n\n\n\n<p>O Servi\u00e7o de Psicologia e Orienta\u00e7\u00e3o (SPO) constitui um servi\u00e7o especializado de apoio educativo que desenvolve a sua atividade nos seguintes dom\u00ednios:&nbsp;<\/p>\n\n\n\n<ul class=\"wp-block-list\">\n<li>Orienta\u00e7\u00e3o Vocacional,&nbsp;<\/li>\n\n\n\n<li>Apoio Psicopedag\u00f3gico&nbsp;<\/li>\n\n\n\n<li>Apoio ao Desenvolvimento de Rela\u00e7\u00f5es na Comunidade Educativa<\/li>\n<\/ul>\n\n\n\n<p>Aceda aqui \u00e0 disciplina do&nbsp;<a href=\"http:\/\/moodle.aevn.pt\/course\/view.php?id=347\">Servi\u00e7o de Psicologia e Orienta\u00e7\u00e3o na Plataforma Moodle<\/a>&nbsp;(acesso de visitante)<\/p>\n<\/div>\n\n\n\n<div style=\"height:30px\" aria-hidden=\"true\" class=\"wp-block-spacer\"><\/div>\n","protected":false},"excerpt":{"rendered":"<p>As Bibliotecas Escolares (BE) t\u00eam um papel fulcral na resposta \u00e0s necessidades da Escola, contribuindo para a consecu\u00e7\u00e3o da sua miss\u00e3o e objetivos e assumindo-se&hellip;<\/p>\n","protected":false},"author":1,"featured_media":0,"parent":1679,"menu_order":0,"comment_status":"closed","ping_status":"closed","template":"","meta":{"qubely_global_settings":"","qubely_interactions":"","_uag_custom_page_level_css":"","footnotes":""},"class_list":["post-1726","page","type-page","status-publish","hentry"],"yoast_head":"<!-- This site is optimized with the Yoast SEO plugin v26.3 - https:\/\/yoast.com\/wordpress\/plugins\/seo\/ -->\n<title>Servi\u00e7os - Agrupamento de Escolas de Vendas Novas<\/title>\n<meta name=\"robots\" content=\"index, follow, max-snippet:-1, max-image-preview:large, max-video-preview:-1\" \/>\n<link rel=\"canonical\" href=\"http:\/\/portal550.aevn.pt\/index.php\/agrupamento\/servicos\/\" \/>\n<meta property=\"og:locale\" content=\"pt_PT\" \/>\n<meta property=\"og:type\" content=\"article\" \/>\n<meta property=\"og:title\" content=\"Servi\u00e7os - Agrupamento de Escolas de Vendas Novas\" \/>\n<meta property=\"og:description\" content=\"As Bibliotecas Escolares (BE) t\u00eam um papel fulcral na resposta \u00e0s necessidades da Escola, contribuindo para a consecu\u00e7\u00e3o da sua miss\u00e3o e objetivos e assumindo-se&hellip;\" \/>\n<meta property=\"og:url\" content=\"http:\/\/portal550.aevn.pt\/index.php\/agrupamento\/servicos\/\" \/>\n<meta property=\"og:site_name\" content=\"Agrupamento de Escolas de Vendas Novas\" \/>\n<meta property=\"article:publisher\" content=\"https:\/\/www.facebook.com\/agrupamentoescolasvendasnovas\" \/>\n<meta property=\"article:modified_time\" content=\"2023-07-18T10:02:55+00:00\" \/>\n<meta name=\"twitter:card\" content=\"summary_large_image\" \/>\n<meta name=\"twitter:label1\" content=\"Tempo estimado de leitura\" \/>\n\t<meta name=\"twitter:data1\" content=\"2 minutos\" \/>\n<script type=\"application\/ld+json\" class=\"yoast-schema-graph\">{\"@context\":\"https:\/\/schema.org\",\"@graph\":[{\"@type\":\"WebPage\",\"@id\":\"http:\/\/portal550.aevn.pt\/index.php\/agrupamento\/servicos\/\",\"url\":\"http:\/\/portal550.aevn.pt\/index.php\/agrupamento\/servicos\/\",\"name\":\"Servi\u00e7os - Agrupamento de Escolas de Vendas Novas\",\"isPartOf\":{\"@id\":\"http:\/\/portal550.aevn.pt\/#website\"},\"datePublished\":\"2023-07-14T12:57:11+00:00\",\"dateModified\":\"2023-07-18T10:02:55+00:00\",\"breadcrumb\":{\"@id\":\"http:\/\/portal550.aevn.pt\/index.php\/agrupamento\/servicos\/#breadcrumb\"},\"inLanguage\":\"pt-PT\",\"potentialAction\":[{\"@type\":\"ReadAction\",\"target\":[\"http:\/\/portal550.aevn.pt\/index.php\/agrupamento\/servicos\/\"]}]},{\"@type\":\"BreadcrumbList\",\"@id\":\"http:\/\/portal550.aevn.pt\/index.php\/agrupamento\/servicos\/#breadcrumb\",\"itemListElement\":[{\"@type\":\"ListItem\",\"position\":1,\"name\":\"In\u00edcio\",\"item\":\"http:\/\/portal550.aevn.pt\/\"},{\"@type\":\"ListItem\",\"position\":2,\"name\":\"Agrupamento\",\"item\":\"http:\/\/portal550.aevn.pt\/index.php\/agrupamento\/\"},{\"@type\":\"ListItem\",\"position\":3,\"name\":\"Servi\u00e7os\"}]},{\"@type\":\"WebSite\",\"@id\":\"http:\/\/portal550.aevn.pt\/#website\",\"url\":\"http:\/\/portal550.aevn.pt\/\",\"name\":\"Agrupamento de Escolas de Vendas Novas\",\"description\":\"\",\"publisher\":{\"@id\":\"http:\/\/portal550.aevn.pt\/#organization\"},\"potentialAction\":[{\"@type\":\"SearchAction\",\"target\":{\"@type\":\"EntryPoint\",\"urlTemplate\":\"http:\/\/portal550.aevn.pt\/?s={search_term_string}\"},\"query-input\":{\"@type\":\"PropertyValueSpecification\",\"valueRequired\":true,\"valueName\":\"search_term_string\"}}],\"inLanguage\":\"pt-PT\"},{\"@type\":\"Organization\",\"@id\":\"http:\/\/portal550.aevn.pt\/#organization\",\"name\":\"Agrupamento de Escolas de Vendas Novas\",\"url\":\"http:\/\/portal550.aevn.pt\/\",\"logo\":{\"@type\":\"ImageObject\",\"inLanguage\":\"pt-PT\",\"@id\":\"http:\/\/portal550.aevn.pt\/#\/schema\/logo\/image\/\",\"url\":\"http:\/\/portal550.aevn.pt\/wp-content\/uploads\/2023\/07\/logo_AEVNweb.png\",\"contentUrl\":\"http:\/\/portal550.aevn.pt\/wp-content\/uploads\/2023\/07\/logo_AEVNweb.png\",\"width\":500,\"height\":150,\"caption\":\"Agrupamento de Escolas de Vendas Novas\"},\"image\":{\"@id\":\"http:\/\/portal550.aevn.pt\/#\/schema\/logo\/image\/\"},\"sameAs\":[\"https:\/\/www.facebook.com\/agrupamentoescolasvendasnovas\"]}]}<\/script>\n<!-- \/ Yoast SEO plugin. -->","yoast_head_json":{"title":"Servi\u00e7os - Agrupamento de Escolas de Vendas Novas","robots":{"index":"index","follow":"follow","max-snippet":"max-snippet:-1","max-image-preview":"max-image-preview:large","max-video-preview":"max-video-preview:-1"},"canonical":"http:\/\/portal550.aevn.pt\/index.php\/agrupamento\/servicos\/","og_locale":"pt_PT","og_type":"article","og_title":"Servi\u00e7os - Agrupamento de Escolas de Vendas Novas","og_description":"As Bibliotecas Escolares (BE) t\u00eam um papel fulcral na resposta \u00e0s necessidades da Escola, contribuindo para a consecu\u00e7\u00e3o da sua miss\u00e3o e objetivos e assumindo-se&hellip;","og_url":"http:\/\/portal550.aevn.pt\/index.php\/agrupamento\/servicos\/","og_site_name":"Agrupamento de Escolas de Vendas Novas","article_publisher":"https:\/\/www.facebook.com\/agrupamentoescolasvendasnovas","article_modified_time":"2023-07-18T10:02:55+00:00","twitter_card":"summary_large_image","twitter_misc":{"Tempo estimado de leitura":"2 minutos"},"schema":{"@context":"https:\/\/schema.org","@graph":[{"@type":"WebPage","@id":"http:\/\/portal550.aevn.pt\/index.php\/agrupamento\/servicos\/","url":"http:\/\/portal550.aevn.pt\/index.php\/agrupamento\/servicos\/","name":"Servi\u00e7os - Agrupamento de Escolas de Vendas Novas","isPartOf":{"@id":"http:\/\/portal550.aevn.pt\/#website"},"datePublished":"2023-07-14T12:57:11+00:00","dateModified":"2023-07-18T10:02:55+00:00","breadcrumb":{"@id":"http:\/\/portal550.aevn.pt\/index.php\/agrupamento\/servicos\/#breadcrumb"},"inLanguage":"pt-PT","potentialAction":[{"@type":"ReadAction","target":["http:\/\/portal550.aevn.pt\/index.php\/agrupamento\/servicos\/"]}]},{"@type":"BreadcrumbList","@id":"http:\/\/portal550.aevn.pt\/index.php\/agrupamento\/servicos\/#breadcrumb","itemListElement":[{"@type":"ListItem","position":1,"name":"In\u00edcio","item":"http:\/\/portal550.aevn.pt\/"},{"@type":"ListItem","position":2,"name":"Agrupamento","item":"http:\/\/portal550.aevn.pt\/index.php\/agrupamento\/"},{"@type":"ListItem","position":3,"name":"Servi\u00e7os"}]},{"@type":"WebSite","@id":"http:\/\/portal550.aevn.pt\/#website","url":"http:\/\/portal550.aevn.pt\/","name":"Agrupamento de Escolas de Vendas Novas","description":"","publisher":{"@id":"http:\/\/portal550.aevn.pt\/#organization"},"potentialAction":[{"@type":"SearchAction","target":{"@type":"EntryPoint","urlTemplate":"http:\/\/portal550.aevn.pt\/?s={search_term_string}"},"query-input":{"@type":"PropertyValueSpecification","valueRequired":true,"valueName":"search_term_string"}}],"inLanguage":"pt-PT"},{"@type":"Organization","@id":"http:\/\/portal550.aevn.pt\/#organization","name":"Agrupamento de Escolas de Vendas Novas","url":"http:\/\/portal550.aevn.pt\/","logo":{"@type":"ImageObject","inLanguage":"pt-PT","@id":"http:\/\/portal550.aevn.pt\/#\/schema\/logo\/image\/","url":"http:\/\/portal550.aevn.pt\/wp-content\/uploads\/2023\/07\/logo_AEVNweb.png","contentUrl":"http:\/\/portal550.aevn.pt\/wp-content\/uploads\/2023\/07\/logo_AEVNweb.png","width":500,"height":150,"caption":"Agrupamento de Escolas de Vendas Novas"},"image":{"@id":"http:\/\/portal550.aevn.pt\/#\/schema\/logo\/image\/"},"sameAs":["https:\/\/www.facebook.com\/agrupamentoescolasvendasnovas"]}]}},"uagb_featured_image_src":{"full":false,"thumbnail":false,"medium":false,"medium_large":false,"large":false,"1536x1536":false,"2048x2048":false,"qubely_landscape":false,"qubely_portrait":false,"qubely_thumbnail":false},"uagb_author_info":{"display_name":"admin","author_link":"http:\/\/portal550.aevn.pt\/index.php\/author\/f529\/"},"uagb_comment_info":0,"uagb_excerpt":"As Bibliotecas Escolares (BE) t\u00eam um papel fulcral na resposta \u00e0s necessidades da Escola, contribuindo para a consecu\u00e7\u00e3o da sua miss\u00e3o e objetivos e assumindo-se&hellip;","jetpack_sharing_enabled":true,"_links":{"self":[{"href":"http:\/\/portal550.aevn.pt\/index.php\/wp-json\/wp\/v2\/pages\/1726","targetHints":{"allow":["GET"]}}],"collection":[{"href":"http:\/\/portal550.aevn.pt\/index.php\/wp-json\/wp\/v2\/pages"}],"about":[{"href":"http:\/\/portal550.aevn.pt\/index.php\/wp-json\/wp\/v2\/types\/page"}],"author":[{"embeddable":true,"href":"http:\/\/portal550.aevn.pt\/index.php\/wp-json\/wp\/v2\/users\/1"}],"replies":[{"embeddable":true,"href":"http:\/\/portal550.aevn.pt\/index.php\/wp-json\/wp\/v2\/comments?post=1726"}],"version-history":[{"count":18,"href":"http:\/\/portal550.aevn.pt\/index.php\/wp-json\/wp\/v2\/pages\/1726\/revisions"}],"predecessor-version":[{"id":2175,"href":"http:\/\/portal550.aevn.pt\/index.php\/wp-json\/wp\/v2\/pages\/1726\/revisions\/2175"}],"up":[{"embeddable":true,"href":"http:\/\/portal550.aevn.pt\/index.php\/wp-json\/wp\/v2\/pages\/1679"}],"wp:attachment":[{"href":"http:\/\/portal550.aevn.pt\/index.php\/wp-json\/wp\/v2\/media?parent=1726"}],"curies":[{"name":"wp","href":"https:\/\/api.w.org\/{rel}","templated":true}]}}