{"id":1716,"date":"2023-07-14T10:24:57","date_gmt":"2023-07-14T10:24:57","guid":{"rendered":"http:\/\/portal550.aevn.pt\/?page_id=1716"},"modified":"2023-07-21T09:36:48","modified_gmt":"2023-07-21T09:36:48","slug":"eqavet","status":"publish","type":"page","link":"http:\/\/portal550.aevn.pt\/index.php\/alunos\/cursos-profissionais\/eqavet\/","title":{"rendered":"EQAVET"},"content":{"rendered":"\n<div class=\"wp-block-uagb-image aligncenter uagb-block-d25067b6 wp-block-uagb-image--layout-default wp-block-uagb-image--effect-zoomin wp-block-uagb-image--align-center\"><figure class=\"wp-block-uagb-image__figure\"><img loading=\"lazy\" decoding=\"async\" srcset=\"http:\/\/portal550.aevn.pt\/wp-content\/uploads\/2023\/07\/Selo_EQAVET-300x300.png \" sizes=\"auto, (max-width: 480px) 150px\" src=\"http:\/\/portal550.aevn.pt\/wp-content\/uploads\/2023\/07\/Selo_EQAVET-300x300.png\" alt=\"\" class=\"uag-image-1707\" width=\"300\" height=\"300\" title=\"\" loading=\"lazy\"\/><\/figure><\/div>\n\n\n\n<div class=\"wp-block-uagb-container uagb-block-9ace964b alignwide uagb-is-root-container\">\n<div class=\"wp-block-uagb-container uagb-block-3b7408bc\">\n<h2 class=\"wp-block-heading\">Atribui\u00e7\u00e3o de Selo de Conformidade EQAVET<\/h2>\n\n\n\n<p>A ANQEP atribuiu ao Agrupamento de Escolas de Vendas Novas (AEVN) o Selo de Conformidade EQAVET, por um per\u00edodo de 3 anos.<\/p>\n\n\n\n<p>O AEVN foi certificado pela ANQEP (Ag\u00eancia Nacional para a Qualifica\u00e7\u00e3o e Ensino Profissional) com a obten\u00e7\u00e3o do Selo de conformidade EQAVET (Quadro de Refer\u00eancia Europeu de Garantia da Qualidade para o Ensino e a Forma\u00e7\u00e3o Profissionais), por 3 anos (prazo m\u00e1ximo), o qual comprova que o sistema de garantia da qualidade do AEVN est\u00e1 alinhado com o Quadro Europeu.<\/p>\n\n\n\n<p>Assim, \u00e9 com enorme orgulho e satisfa\u00e7\u00e3o que partilhamos com toda a comunidade este certificado para a excel\u00eancia, que confere a reconhecida articula\u00e7\u00e3o, envolvimento e dedica\u00e7\u00e3o de todos os Stakeholders (Alunos, Professores, SPO, Funcion\u00e1rios, Encarregados de Educa\u00e7\u00e3o, Autarquia e restantes Entidades Parceiras) para a Qualidade na Educa\u00e7\u00e3o e Melhoria Cont\u00ednua da Forma\u00e7\u00e3o Profissional do AEVN.<\/p>\n\n\n\n<p>A atribui\u00e7\u00e3o do selo EQAVET vem intensificar o comprometimento do AEVN para garantir aos nossos jovens uma forma\u00e7\u00e3o de qualidade e de melhoria cont\u00ednua.<\/p>\n\n\n\n<p>Este desafio decorreu ao longo do ano letivo transato, culminando com uma auditoria que decorreu no dia 28 de setembro de 2020, na qual foram analisados o planeamento, implementa\u00e7\u00e3o, monitoriza\u00e7\u00e3o e avalia\u00e7\u00e3o dos crit\u00e9rios e indicadores alinhados com o quadro Europeu. Sendo a certifica\u00e7\u00e3o atribu\u00edda no passado dia 15 de dezembro de 2020.<\/p>\n\n\n\n<p>Estamos convictos de que esta certifica\u00e7\u00e3o ir\u00e1 fortalecer e consolidar o envolvimento de todos os Stakeholders no processo de melhoria cont\u00ednua que garanta uma forma\u00e7\u00e3o de qualidade do ensino profissional.<\/p>\n\n\n\n<p><a href=\"https:\/\/www.aevn.pt\/docs\/20202021\/SeloConformidade_EQAVET.pdf\" target=\"_blank\" rel=\"noreferrer noopener\">Certificado de conformidade EQAVET<\/a><\/p>\n<\/div>\n<\/div>\n\n\n\n<div style=\"height:30px\" aria-hidden=\"true\" class=\"wp-block-spacer\"><\/div>\n\n\n\n<div class=\"wp-block-uagb-container uagb-block-6351abf4 alignwide uagb-is-root-container\">\n<div class=\"wp-block-uagb-container uagb-block-b384d852\">\n<h2 class=\"wp-block-heading\">Quadro EQAVET<\/h2>\n\n\n\n<p>Quadro de Refer\u00eancia Europeu de Garantia da Qualidade para o Ensino e a Forma\u00e7\u00e3o Profissionais (Quadro EQAVET).<\/p>\n\n\n\n<p>\u201cO Quadro EQAVET, institu\u00eddo pela Recomenda\u00e7\u00e3o do Parlamento Europeu e do Conselho de 18 de junho de 2009, foi concebido para melhorar a Educa\u00e7\u00e3o e Forma\u00e7\u00e3o Profissional (EFP) no espa\u00e7o europeu, colocando \u00e0 disposi\u00e7\u00e3o das autoridades e dos operadores de EFP ferramentas comuns para a gest\u00e3o da qualidade assentes numa forte articula\u00e7\u00e3o entre os diferentes stakeholders (decisores pol\u00edticos, organismos reguladores, operadores de EFP, alunos\/formandos, profissionais de EFP e de orienta\u00e7\u00e3o, encarregados de educa\u00e7\u00e3o, empres\u00e1rios e outros parceiros sociais) e no desenvolvimento, monitoriza\u00e7\u00e3o, avalia\u00e7\u00e3o e melhoria cont\u00ednua da efici\u00eancia da oferta.\u201d<\/p>\n\n\n\n<p class=\"has-text-align-right\">(in Guia para o Processo de Alinhamento com o Quadro EQAVET)<\/p>\n<\/div>\n<\/div>\n\n\n\n<div style=\"height:30px\" aria-hidden=\"true\" class=\"wp-block-spacer\"><\/div>\n\n\n\n<div class=\"wp-block-uagb-container uagb-block-826c786e alignwide uagb-is-root-container\">\n<div class=\"wp-block-uagb-container uagb-block-1fb6bee0\">\n<div class=\"wp-block-uagb-info-box uagb-block-bd06010a uagb-infobox__content-wrap  uagb-infobox-icon-above-title uagb-infobox-image-valign-top\"><div class=\"uagb-ifb-content\"><div class=\"uagb-ifb-icon-wrap\"><svg xmlns=\"https:\/\/www.w3.org\/2000\/svg\" viewBox=\"0 0 640 512\"><path d=\"M319.9 320c57.41 0 103.1-46.56 103.1-104c0-57.44-46.54-104-103.1-104c-57.41 0-103.1 46.56-103.1 104C215.9 273.4 262.5 320 319.9 320zM369.9 352H270.1C191.6 352 128 411.7 128 485.3C128 500.1 140.7 512 156.4 512h327.2C499.3 512 512 500.1 512 485.3C512 411.7 448.4 352 369.9 352zM512 160c44.18 0 80-35.82 80-80S556.2 0 512 0c-44.18 0-80 35.82-80 80S467.8 160 512 160zM183.9 216c0-5.449 .9824-10.63 1.609-15.91C174.6 194.1 162.6 192 149.9 192H88.08C39.44 192 0 233.8 0 285.3C0 295.6 7.887 304 17.62 304h199.5C196.7 280.2 183.9 249.7 183.9 216zM128 160c44.18 0 80-35.82 80-80S172.2 0 128 0C83.82 0 48 35.82 48 80S83.82 160 128 160zM551.9 192h-61.84c-12.8 0-24.88 3.037-35.86 8.24C454.8 205.5 455.8 210.6 455.8 216c0 33.71-12.78 64.21-33.16 88h199.7C632.1 304 640 295.6 640 285.3C640 233.8 600.6 192 551.9 192z\"><\/path><\/svg><\/div><div class=\"uagb-ifb-title-wrap\"><h3 class=\"uagb-ifb-title\">Equipa EQAVET<\/h3><\/div><p class=\"uagb-ifb-desc\">Lu\u00edsa Costa \u2013 Coordenadora do Projeto<br>T\u00e2nia Tavares \u2013 Diretora de Turma<br>Ruth Braga &#8211; Diretora de Curso<br>Jos\u00e9 Morato \u2013 Diretor de Curso<br>Maria Jo\u00e3o Monraia \u2013 Psic\u00f3loga<\/p><\/div><\/div>\n<\/div>\n\n\n\n<div class=\"wp-block-uagb-container uagb-block-0f2966e2\">\n<div class=\"wp-block-uagb-info-box uagb-block-b6f00b64 uagb-infobox__content-wrap  uagb-infobox-icon-above-title uagb-infobox-image-valign-top\"><div class=\"uagb-ifb-content\"><div class=\"uagb-ifb-icon-wrap\"><svg xmlns=\"https:\/\/www.w3.org\/2000\/svg\" viewBox=\"0 0 576 512\"><path d=\"M147.8 192H480V144C480 117.5 458.5 96 432 96h-160l-64-64h-160C21.49 32 0 53.49 0 80v328.4l90.54-181.1C101.4 205.6 123.4 192 147.8 192zM543.1 224H147.8C135.7 224 124.6 230.8 119.2 241.7L0 480h447.1c12.12 0 23.2-6.852 28.62-17.69l96-192C583.2 249 567.7 224 543.1 224z\"><\/path><\/svg><\/div><div class=\"uagb-ifb-title-wrap\"><h3 class=\"uagb-ifb-title\">Documentos<\/h3><\/div><\/div><\/div>\n\n\n\n<ul class=\"wp-block-list\">\n<li><a href=\"https:\/\/aevn.pt\/docs\/eqavet\/CartaDeApresentacao.pdf\" target=\"_blank\" rel=\"noreferrer noopener\">Carta de apresenta\u00e7\u00e3o<\/a><\/li>\n\n\n\n<li><a href=\"https:\/\/aevn.pt\/docs\/eqavet\/EQAVET-SensibilizacaoEntidades.pdf\" target=\"_blank\" rel=\"noreferrer noopener\">Sensibiliza\u00e7\u00e3o aos Stakeholders internos e externos<\/a><\/li>\n\n\n\n<li><a href=\"https:\/\/aevn.pt\/docs\/eqavet\/Anexo3-DocumentoBase.pdf\" target=\"_blank\" rel=\"noreferrer noopener\">Documento Base<\/a><\/li>\n\n\n\n<li><a href=\"https:\/\/aevn.pt\/docs\/eqavet\/Anexo4-PlanoDeAcao.pdf\" target=\"_blank\" rel=\"noreferrer noopener\">Plano de A\u00e7\u00e3o<\/a><\/li>\n\n\n\n<li><a href=\"https:\/\/aevn.pt\/docs\/eqavet\/Anexo5-RelatorioOperador.pdf\" target=\"_blank\" rel=\"noreferrer noopener\">Relat\u00f3rio de Operador<\/a><\/li>\n\n\n\n<li><a href=\"https:\/\/aevn.pt\/docs\/eqavet\/Relatorio_auditoria_EQAVET_28_10_20.pdf\" target=\"_blank\" rel=\"noreferrer noopener\">Relat\u00f3rio de Auditoria<\/a><\/li>\n\n\n\n<li><a href=\"https:\/\/aevn.pt\/docs\/eqavet\/4-RelatorioProgressoAnual20202021.pdf\" target=\"_blank\" rel=\"noreferrer noopener\">Relat\u00f3rio de progresso anual (2020\/2021)<\/a><\/li>\n\n\n\n<li><a href=\"https:\/\/aevn.pt\/docs\/eqavet\/4-RelatorioProgressoAnual20212022.pdf\" target=\"_blank\" rel=\"noreferrer noopener\">Relat\u00f3rio de progresso anual (2021\/2022)<\/a><\/li>\n<\/ul>\n<\/div>\n<\/div>\n\n\n\n<div class=\"wp-block-uagb-container uagb-block-e99ad86e alignwide uagb-is-root-container\">\n<div class=\"wp-block-uagb-container uagb-block-504cd3cb\">\n<div class=\"wp-block-uagb-info-box uagb-block-0b8f209c uagb-infobox__content-wrap  uagb-infobox-icon-above-title uagb-infobox-image-valign-top\"><div class=\"uagb-ifb-content\"><div class=\"uagb-ifb-icon-wrap\"><svg xmlns=\"https:\/\/www.w3.org\/2000\/svg\" viewBox=\"0 0 512 512\"><path d=\"M160 416H96c-17.67 0-32-14.33-32-32V128c0-17.67 14.33-32 32-32h64c17.67 0 32-14.33 32-32S177.7 32 160 32H96C42.98 32 0 74.98 0 128v256c0 53.02 42.98 96 96 96h64c17.67 0 32-14.33 32-32S177.7 416 160 416zM502.6 233.4l-128-128c-12.51-12.51-32.76-12.49-45.25 0c-12.5 12.5-12.5 32.75 0 45.25L402.8 224H192C174.3 224 160 238.3 160 256s14.31 32 32 32h210.8l-73.38 73.38c-12.5 12.5-12.5 32.75 0 45.25s32.75 12.5 45.25 0l128-128C515.1 266.1 515.1 245.9 502.6 233.4z\"><\/path><\/svg><\/div><div class=\"uagb-ifb-title-wrap\"><h3 class=\"uagb-ifb-title\">Hiperliga\u00e7\u00f5es<\/h3><\/div><\/div><\/div>\n\n\n\n<ul class=\"wp-block-list\">\n<li><a href=\"http:\/\/www.qualidade.anqep.gov.pt\/default.aspx\">Garantia da Qualidade na Educa\u00e7\u00e3o e Forma\u00e7\u00e3o Profissional<\/a><\/li>\n\n\n\n<li><a href=\"http:\/\/www.eqavet.eu\/\">www.eqavet.eu<\/a><\/li>\n<\/ul>\n<\/div>\n<\/div>\n","protected":false},"excerpt":{"rendered":"<p>Atribui\u00e7\u00e3o de Selo de Conformidade EQAVET A ANQEP atribuiu ao Agrupamento de Escolas de Vendas Novas (AEVN) o Selo de Conformidade EQAVET, por um per\u00edodo&hellip;<\/p>\n","protected":false},"author":1,"featured_media":0,"parent":1542,"menu_order":0,"comment_status":"closed","ping_status":"closed","template":"","meta":{"qubely_global_settings":"","qubely_interactions":"","_uag_custom_page_level_css":"","footnotes":""},"class_list":["post-1716","page","type-page","status-publish","hentry"],"yoast_head":"<!-- This site is optimized with the Yoast SEO plugin v26.3 - https:\/\/yoast.com\/wordpress\/plugins\/seo\/ -->\n<title>EQAVET - Agrupamento de Escolas de Vendas Novas<\/title>\n<meta name=\"robots\" content=\"index, follow, max-snippet:-1, max-image-preview:large, max-video-preview:-1\" \/>\n<link rel=\"canonical\" href=\"http:\/\/portal550.aevn.pt\/index.php\/alunos\/cursos-profissionais\/eqavet\/\" \/>\n<meta property=\"og:locale\" content=\"pt_PT\" \/>\n<meta property=\"og:type\" content=\"article\" \/>\n<meta property=\"og:title\" content=\"EQAVET - Agrupamento de Escolas de Vendas Novas\" \/>\n<meta property=\"og:description\" content=\"Atribui\u00e7\u00e3o de Selo de Conformidade EQAVET A ANQEP atribuiu ao Agrupamento de Escolas de Vendas Novas (AEVN) o Selo de Conformidade EQAVET, por um per\u00edodo&hellip;\" \/>\n<meta property=\"og:url\" content=\"http:\/\/portal550.aevn.pt\/index.php\/alunos\/cursos-profissionais\/eqavet\/\" \/>\n<meta property=\"og:site_name\" content=\"Agrupamento de Escolas de Vendas Novas\" \/>\n<meta property=\"article:publisher\" content=\"https:\/\/www.facebook.com\/agrupamentoescolasvendasnovas\" \/>\n<meta property=\"article:modified_time\" content=\"2023-07-21T09:36:48+00:00\" \/>\n<meta property=\"og:image\" content=\"http:\/\/portal550.aevn.pt\/wp-content\/uploads\/2023\/07\/Selo_EQAVET-300x300.png\" \/>\n<meta name=\"twitter:card\" content=\"summary_large_image\" \/>\n<meta name=\"twitter:label1\" content=\"Tempo estimado de leitura\" \/>\n\t<meta name=\"twitter:data1\" content=\"3 minutos\" \/>\n<script type=\"application\/ld+json\" class=\"yoast-schema-graph\">{\"@context\":\"https:\/\/schema.org\",\"@graph\":[{\"@type\":\"WebPage\",\"@id\":\"http:\/\/portal550.aevn.pt\/index.php\/alunos\/cursos-profissionais\/eqavet\/\",\"url\":\"http:\/\/portal550.aevn.pt\/index.php\/alunos\/cursos-profissionais\/eqavet\/\",\"name\":\"EQAVET - Agrupamento de Escolas de Vendas Novas\",\"isPartOf\":{\"@id\":\"http:\/\/portal550.aevn.pt\/#website\"},\"primaryImageOfPage\":{\"@id\":\"http:\/\/portal550.aevn.pt\/index.php\/alunos\/cursos-profissionais\/eqavet\/#primaryimage\"},\"image\":{\"@id\":\"http:\/\/portal550.aevn.pt\/index.php\/alunos\/cursos-profissionais\/eqavet\/#primaryimage\"},\"thumbnailUrl\":\"http:\/\/portal550.aevn.pt\/wp-content\/uploads\/2023\/07\/Selo_EQAVET-300x300.png\",\"datePublished\":\"2023-07-14T10:24:57+00:00\",\"dateModified\":\"2023-07-21T09:36:48+00:00\",\"breadcrumb\":{\"@id\":\"http:\/\/portal550.aevn.pt\/index.php\/alunos\/cursos-profissionais\/eqavet\/#breadcrumb\"},\"inLanguage\":\"pt-PT\",\"potentialAction\":[{\"@type\":\"ReadAction\",\"target\":[\"http:\/\/portal550.aevn.pt\/index.php\/alunos\/cursos-profissionais\/eqavet\/\"]}]},{\"@type\":\"ImageObject\",\"inLanguage\":\"pt-PT\",\"@id\":\"http:\/\/portal550.aevn.pt\/index.php\/alunos\/cursos-profissionais\/eqavet\/#primaryimage\",\"url\":\"http:\/\/portal550.aevn.pt\/wp-content\/uploads\/2023\/07\/Selo_EQAVET.png\",\"contentUrl\":\"http:\/\/portal550.aevn.pt\/wp-content\/uploads\/2023\/07\/Selo_EQAVET.png\",\"width\":500,\"height\":500,\"caption\":\"EQAVET\"},{\"@type\":\"BreadcrumbList\",\"@id\":\"http:\/\/portal550.aevn.pt\/index.php\/alunos\/cursos-profissionais\/eqavet\/#breadcrumb\",\"itemListElement\":[{\"@type\":\"ListItem\",\"position\":1,\"name\":\"In\u00edcio\",\"item\":\"http:\/\/portal550.aevn.pt\/\"},{\"@type\":\"ListItem\",\"position\":2,\"name\":\"Alunos\",\"item\":\"http:\/\/portal550.aevn.pt\/index.php\/alunos\/\"},{\"@type\":\"ListItem\",\"position\":3,\"name\":\"Cursos Profissionais\",\"item\":\"http:\/\/portal550.aevn.pt\/index.php\/alunos\/cursos-profissionais\/\"},{\"@type\":\"ListItem\",\"position\":4,\"name\":\"EQAVET\"}]},{\"@type\":\"WebSite\",\"@id\":\"http:\/\/portal550.aevn.pt\/#website\",\"url\":\"http:\/\/portal550.aevn.pt\/\",\"name\":\"Agrupamento de Escolas de Vendas Novas\",\"description\":\"\",\"publisher\":{\"@id\":\"http:\/\/portal550.aevn.pt\/#organization\"},\"potentialAction\":[{\"@type\":\"SearchAction\",\"target\":{\"@type\":\"EntryPoint\",\"urlTemplate\":\"http:\/\/portal550.aevn.pt\/?s={search_term_string}\"},\"query-input\":{\"@type\":\"PropertyValueSpecification\",\"valueRequired\":true,\"valueName\":\"search_term_string\"}}],\"inLanguage\":\"pt-PT\"},{\"@type\":\"Organization\",\"@id\":\"http:\/\/portal550.aevn.pt\/#organization\",\"name\":\"Agrupamento de Escolas de Vendas Novas\",\"url\":\"http:\/\/portal550.aevn.pt\/\",\"logo\":{\"@type\":\"ImageObject\",\"inLanguage\":\"pt-PT\",\"@id\":\"http:\/\/portal550.aevn.pt\/#\/schema\/logo\/image\/\",\"url\":\"http:\/\/portal550.aevn.pt\/wp-content\/uploads\/2023\/07\/logo_AEVNweb.png\",\"contentUrl\":\"http:\/\/portal550.aevn.pt\/wp-content\/uploads\/2023\/07\/logo_AEVNweb.png\",\"width\":500,\"height\":150,\"caption\":\"Agrupamento de Escolas de Vendas Novas\"},\"image\":{\"@id\":\"http:\/\/portal550.aevn.pt\/#\/schema\/logo\/image\/\"},\"sameAs\":[\"https:\/\/www.facebook.com\/agrupamentoescolasvendasnovas\"]}]}<\/script>\n<!-- \/ Yoast SEO plugin. -->","yoast_head_json":{"title":"EQAVET - Agrupamento de Escolas de Vendas Novas","robots":{"index":"index","follow":"follow","max-snippet":"max-snippet:-1","max-image-preview":"max-image-preview:large","max-video-preview":"max-video-preview:-1"},"canonical":"http:\/\/portal550.aevn.pt\/index.php\/alunos\/cursos-profissionais\/eqavet\/","og_locale":"pt_PT","og_type":"article","og_title":"EQAVET - Agrupamento de Escolas de Vendas Novas","og_description":"Atribui\u00e7\u00e3o de Selo de Conformidade EQAVET A ANQEP atribuiu ao Agrupamento de Escolas de Vendas Novas (AEVN) o Selo de Conformidade EQAVET, por um per\u00edodo&hellip;","og_url":"http:\/\/portal550.aevn.pt\/index.php\/alunos\/cursos-profissionais\/eqavet\/","og_site_name":"Agrupamento de Escolas de Vendas Novas","article_publisher":"https:\/\/www.facebook.com\/agrupamentoescolasvendasnovas","article_modified_time":"2023-07-21T09:36:48+00:00","og_image":[{"url":"http:\/\/portal550.aevn.pt\/wp-content\/uploads\/2023\/07\/Selo_EQAVET-300x300.png","type":"","width":"","height":""}],"twitter_card":"summary_large_image","twitter_misc":{"Tempo estimado de leitura":"3 minutos"},"schema":{"@context":"https:\/\/schema.org","@graph":[{"@type":"WebPage","@id":"http:\/\/portal550.aevn.pt\/index.php\/alunos\/cursos-profissionais\/eqavet\/","url":"http:\/\/portal550.aevn.pt\/index.php\/alunos\/cursos-profissionais\/eqavet\/","name":"EQAVET - Agrupamento de Escolas de Vendas Novas","isPartOf":{"@id":"http:\/\/portal550.aevn.pt\/#website"},"primaryImageOfPage":{"@id":"http:\/\/portal550.aevn.pt\/index.php\/alunos\/cursos-profissionais\/eqavet\/#primaryimage"},"image":{"@id":"http:\/\/portal550.aevn.pt\/index.php\/alunos\/cursos-profissionais\/eqavet\/#primaryimage"},"thumbnailUrl":"http:\/\/portal550.aevn.pt\/wp-content\/uploads\/2023\/07\/Selo_EQAVET-300x300.png","datePublished":"2023-07-14T10:24:57+00:00","dateModified":"2023-07-21T09:36:48+00:00","breadcrumb":{"@id":"http:\/\/portal550.aevn.pt\/index.php\/alunos\/cursos-profissionais\/eqavet\/#breadcrumb"},"inLanguage":"pt-PT","potentialAction":[{"@type":"ReadAction","target":["http:\/\/portal550.aevn.pt\/index.php\/alunos\/cursos-profissionais\/eqavet\/"]}]},{"@type":"ImageObject","inLanguage":"pt-PT","@id":"http:\/\/portal550.aevn.pt\/index.php\/alunos\/cursos-profissionais\/eqavet\/#primaryimage","url":"http:\/\/portal550.aevn.pt\/wp-content\/uploads\/2023\/07\/Selo_EQAVET.png","contentUrl":"http:\/\/portal550.aevn.pt\/wp-content\/uploads\/2023\/07\/Selo_EQAVET.png","width":500,"height":500,"caption":"EQAVET"},{"@type":"BreadcrumbList","@id":"http:\/\/portal550.aevn.pt\/index.php\/alunos\/cursos-profissionais\/eqavet\/#breadcrumb","itemListElement":[{"@type":"ListItem","position":1,"name":"In\u00edcio","item":"http:\/\/portal550.aevn.pt\/"},{"@type":"ListItem","position":2,"name":"Alunos","item":"http:\/\/portal550.aevn.pt\/index.php\/alunos\/"},{"@type":"ListItem","position":3,"name":"Cursos Profissionais","item":"http:\/\/portal550.aevn.pt\/index.php\/alunos\/cursos-profissionais\/"},{"@type":"ListItem","position":4,"name":"EQAVET"}]},{"@type":"WebSite","@id":"http:\/\/portal550.aevn.pt\/#website","url":"http:\/\/portal550.aevn.pt\/","name":"Agrupamento de Escolas de Vendas Novas","description":"","publisher":{"@id":"http:\/\/portal550.aevn.pt\/#organization"},"potentialAction":[{"@type":"SearchAction","target":{"@type":"EntryPoint","urlTemplate":"http:\/\/portal550.aevn.pt\/?s={search_term_string}"},"query-input":{"@type":"PropertyValueSpecification","valueRequired":true,"valueName":"search_term_string"}}],"inLanguage":"pt-PT"},{"@type":"Organization","@id":"http:\/\/portal550.aevn.pt\/#organization","name":"Agrupamento de Escolas de Vendas Novas","url":"http:\/\/portal550.aevn.pt\/","logo":{"@type":"ImageObject","inLanguage":"pt-PT","@id":"http:\/\/portal550.aevn.pt\/#\/schema\/logo\/image\/","url":"http:\/\/portal550.aevn.pt\/wp-content\/uploads\/2023\/07\/logo_AEVNweb.png","contentUrl":"http:\/\/portal550.aevn.pt\/wp-content\/uploads\/2023\/07\/logo_AEVNweb.png","width":500,"height":150,"caption":"Agrupamento de Escolas de Vendas Novas"},"image":{"@id":"http:\/\/portal550.aevn.pt\/#\/schema\/logo\/image\/"},"sameAs":["https:\/\/www.facebook.com\/agrupamentoescolasvendasnovas"]}]}},"uagb_featured_image_src":{"full":false,"thumbnail":false,"medium":false,"medium_large":false,"large":false,"1536x1536":false,"2048x2048":false,"qubely_landscape":false,"qubely_portrait":false,"qubely_thumbnail":false},"uagb_author_info":{"display_name":"admin","author_link":"http:\/\/portal550.aevn.pt\/index.php\/author\/f529\/"},"uagb_comment_info":0,"uagb_excerpt":"Atribui\u00e7\u00e3o de Selo de Conformidade EQAVET A ANQEP atribuiu ao Agrupamento de Escolas de Vendas Novas (AEVN) o Selo de Conformidade EQAVET, por um per\u00edodo&hellip;","jetpack_sharing_enabled":true,"_links":{"self":[{"href":"http:\/\/portal550.aevn.pt\/index.php\/wp-json\/wp\/v2\/pages\/1716","targetHints":{"allow":["GET"]}}],"collection":[{"href":"http:\/\/portal550.aevn.pt\/index.php\/wp-json\/wp\/v2\/pages"}],"about":[{"href":"http:\/\/portal550.aevn.pt\/index.php\/wp-json\/wp\/v2\/types\/page"}],"author":[{"embeddable":true,"href":"http:\/\/portal550.aevn.pt\/index.php\/wp-json\/wp\/v2\/users\/1"}],"replies":[{"embeddable":true,"href":"http:\/\/portal550.aevn.pt\/index.php\/wp-json\/wp\/v2\/comments?post=1716"}],"version-history":[{"count":8,"href":"http:\/\/portal550.aevn.pt\/index.php\/wp-json\/wp\/v2\/pages\/1716\/revisions"}],"predecessor-version":[{"id":2230,"href":"http:\/\/portal550.aevn.pt\/index.php\/wp-json\/wp\/v2\/pages\/1716\/revisions\/2230"}],"up":[{"embeddable":true,"href":"http:\/\/portal550.aevn.pt\/index.php\/wp-json\/wp\/v2\/pages\/1542"}],"wp:attachment":[{"href":"http:\/\/portal550.aevn.pt\/index.php\/wp-json\/wp\/v2\/media?parent=1716"}],"curies":[{"name":"wp","href":"https:\/\/api.w.org\/{rel}","templated":true}]}}